{"id":100,"date":"2021-11-09T11:38:04","date_gmt":"2021-11-09T10:38:04","guid":{"rendered":"https:\/\/wp18.bonaweb.de\/?page_id=100"},"modified":"2021-11-09T11:39:15","modified_gmt":"2021-11-09T10:39:15","slug":"ev-luth-pfarramt-in-der-metropolregion","status":"publish","type":"page","link":"https:\/\/wp18.bonaweb.de\/?page_id=100","title":{"rendered":"Ev.-Luth. Pfarramt in der Metropolregion"},"content":{"rendered":"\n<h3 class=\"wp-block-heading\"><small><strong>Geb\u00e4ude<\/strong><\/small><\/h3>\n\n\n\n<p>Pfarrhaus: Erbaut 1896 (vierst\u00f6ckiges Wohnhaus)<img decoding=\"async\" alt=\"Pfarrhaus_klein.jpg\" src=\"https:\/\/lutherisch-rhein-neckar.de\/media\/filer_public_thumbnails\/filer_public\/10\/78\/1078c951-23c6-4745-b14f-73182ad85898\/pfarrhaus_klein.jpg__286x244_q85_crop_subsampling-2_upscale.jpg\"><\/p>\n\n\n\n<p>J\u00fcngste Zukunftsinvestitionen:<\/p>\n\n\n\n<p>&#8211; Modernisierung der Pfarrwohnung (2015)<br>&#8211; Gemeindezimmer im Erdgeschoss (2016\/2017)<br>&#8211; Sanierung der r\u00fcckw\u00e4rtigen Balkone (2019)<\/p>\n\n\n\n<p><strong>Seelsorge und Beratung:<\/strong><br>Termin nach Vereinbarung<\/p>\n\n\n\n<p>EMail: <a rel=\"noreferrer noopener\" target=\"_blank\" href=\"mailto:rhein-neckar@selk.de\">rhein-neckar@selk.de<\/a><\/p>\n\n\n\n<p><strong>Hinweis:<\/strong><\/p>\n\n\n\n<p>Kostenlose Parkpl\u00e4tze sind in der Altstadt ein seltenes Gut.<br>Das benachbarte Parkhaus bietet kostenpflichtige Parkpl\u00e4tze an.<br>Ansonsten ist das Pfarramt gut mit \u00f6ffentlichen Verkehrsmitteln zu erreichen, etwa durch die Buslinien 31, 32 oder 33, &#8211;<br>Haltestelle Peterskirche<\/p>\n","protected":false},"excerpt":{"rendered":"<p>Geb\u00e4ude Pfarrhaus: Erbaut 1896 (vierst\u00f6ckiges Wohnhaus) J\u00fcngste Zukunftsinvestitionen: &#8211; Modernisierung der Pfarrwohnung (2015)&#8211; Gemeindezimmer im Erdgeschoss (2016\/2017)&#8211; Sanierung der r\u00fcckw\u00e4rtigen Balkone (2019) Seelsorge und Beratung:Termin nach Vereinbarung EMail: rhein-neckar@selk.de Hinweis: Kostenlose Parkpl\u00e4tze sind in der Altstadt ein seltenes Gut.Das benachbarte Parkhaus bietet kostenpflichtige Parkpl\u00e4tze an.Ansonsten ist das Pfarramt gut mit \u00f6ffentlichen Verkehrsmitteln zu erreichen, etwa [&hellip;]<\/p>\n","protected":false},"author":1,"featured_media":0,"parent":0,"menu_order":0,"comment_status":"closed","ping_status":"closed","template":"","meta":{"footnotes":""},"class_list":["post-100","page","type-page","status-publish","hentry"],"_links":{"self":[{"href":"https:\/\/wp18.bonaweb.de\/index.php?rest_route=\/wp\/v2\/pages\/100","targetHints":{"allow":["GET"]}}],"collection":[{"href":"https:\/\/wp18.bonaweb.de\/index.php?rest_route=\/wp\/v2\/pages"}],"about":[{"href":"https:\/\/wp18.bonaweb.de\/index.php?rest_route=\/wp\/v2\/types\/page"}],"author":[{"embeddable":true,"href":"https:\/\/wp18.bonaweb.de\/index.php?rest_route=\/wp\/v2\/users\/1"}],"replies":[{"embeddable":true,"href":"https:\/\/wp18.bonaweb.de\/index.php?rest_route=%2Fwp%2Fv2%2Fcomments&post=100"}],"version-history":[{"count":3,"href":"https:\/\/wp18.bonaweb.de\/index.php?rest_route=\/wp\/v2\/pages\/100\/revisions"}],"predecessor-version":[{"id":121,"href":"https:\/\/wp18.bonaweb.de\/index.php?rest_route=\/wp\/v2\/pages\/100\/revisions\/121"}],"wp:attachment":[{"href":"https:\/\/wp18.bonaweb.de\/index.php?rest_route=%2Fwp%2Fv2%2Fmedia&parent=100"}],"curies":[{"name":"wp","href":"https:\/\/api.w.org\/{rel}","templated":true}]}}