{"id":158,"date":"2021-11-10T13:16:06","date_gmt":"2021-11-10T12:16:06","guid":{"rendered":"https:\/\/wp18.bonaweb.de\/?page_id=158"},"modified":"2021-11-10T13:18:55","modified_gmt":"2021-11-10T12:18:55","slug":"oekumene-heidelberg-rohrbach","status":"publish","type":"page","link":"https:\/\/wp18.bonaweb.de\/?page_id=158","title":{"rendered":"\u00d6kumene Heidelberg-Rohrbach"},"content":{"rendered":"\n<h2 class=\"wp-block-heading\">So bunt ist unser Glaube!<\/h2>\n\n\n\n<p>Unter diesem Motto stand das zweite \u00d6kumenische Gemeindefest in Rohrbach 2015. In diesem kleinen Bekenntnis kommt zum Ausdruck, was uns hier in Heidelberg-Rohrbach verbindet: Wir nehmen uns in unserer Verschiedenheit wahr. Jeder einzelne steht mit seinem pers\u00f6nlichen Glauben vor den Menschen und Gott. Doch im Austausch miteinander erfahren und erleben wir, dass uns etwas \u00fcber unser eigenes Verst\u00e4ndnis hinaus verbindet und tr\u00e4gt. Deshalb haben wir auch den Mut, von <q>unserem<\/q> Glauben zu sprechen. Wir sind gewiss, dass dies ein richtiger Schritt hin zu Einheit und Frieden unter uns Christen, ja eigentlich allen Menschen, ist.<\/p>\n\n\n\n<p>Was aus n\u00e4chster N\u00e4he nur als einzelne Farbe erscheint: Rot, Orange, Gelb, Gr\u00fcn, Blau, Violett, erkennen wir mit etwas Abstand als Buntheit. In dieser Buntheit flie\u00dfen unsere Gedanken, unsere Gebete, unser Tun in einem Band zusammen, das, so hoffen wir, Zeugnis gibt von der allumfassenden Liebe und Treue Gottes, die durch Jesus Christus in dieser Welt offenbar wurde.<\/p>\n\n\n\n<p>Zu den Freunden der Rohrbacher \u00d6kumene geh\u00f6ren heute: die Melanchthongemeinde der Evangelischen Kirche Heidelberg, die Evangelisch-Lutherische Gemeinde St.&nbsp;Thomas (SELK) und die Gemeinde St.&nbsp;Johannes der Katholischen Stadtkirche. Die \u00f6kumenischen Verbindungen und Kontakte dieser Gemeinden sind vielf\u00e4ltig und lebendig auf verschiedenen Ebenen: Es gibt einen <strong>\u00d6kumenekreis<\/strong>, der sich regelm\u00e4\u00dfig zu Gespr\u00e4chen \u00fcber Glaubensinhalte trifft, aber auch die Vorbereitung und Durchf\u00fchrung von gemeinsamen Veranstaltungen \u00fcbernimmt:<\/p>\n\n\n\n<ul class=\"wp-block-list\"><li>Die \u00f6kumenische Bibelwoche zu Jahresbeginn<\/li><li>\u00d6kumenische Passionsandachten in Rohrbach<\/li><li>\u00d6kumenischer Gottesdienst unter freiem Himmel am Pfingstmontag<\/li><li>\u00d6kumenischer Kerwegottesdienst in Rohrbach am ersten Sonntag im September<\/li><li>\u00d6kumenische Taiz\u00e9gebete in St. Thomas i.d.R. am 3. Sonntag im Monat (Winterhalbjahr)<\/li><li>\u00d6kumenischer Gottesdienst am Heiligabend in St.&nbsp;Johannes<\/li><li>\u00d6kumenischer Jahresschlussgottesdienst<\/li><\/ul>\n\n\n\n<div class=\"wp-block-image\"><figure class=\"alignright\"><img decoding=\"async\" src=\"https:\/\/lutherisch-rhein-neckar.de\/media\/filer_public\/3d\/f1\/3df1e3ee-e8ed-45e6-a885-7f3041274d13\/oekumene.jpg\" alt=\"Oekumene.jpg\"\/><\/figure><\/div>\n\n\n\n<p>Durch die Vorbereitung gemeinsamer Feste entstanden viele pers\u00f6nliche Kontakte zwischen den Helfern, die ins allt\u00e4gliche und private Leben hineinreichen. Dar\u00fcber hinaus sind wir \u00fcber die engen, freundschaftlichen Kontakte zu den Gemeinden der Nachbarstadtteile des Heidelberger S\u00fcdens Kirchheim, Boxberg und Emmertsgrund sehr froh und dankbar.<\/p>\n\n\n\n<p>So bunt ist unser Glaube: Beim <strong>\u00d6kumenischen Gemeindefest<\/strong> malten gro\u00dfe und kleine Besucher an einer riesigen Flagge, die seitdem immer wieder als Zeichen der \u00d6kumenischen Gemeinschaft bei Veranstaltungen gehisst wird. Das Motiv: Ein buntes Kirchenfenster, in dem, zusammengesetzt aus bunten Quadraten, nicht nur das Kreuz aufleuchtet.<\/p>\n\n\n\n<p><strong>N\u00e4chstes Treffen<\/strong><\/p>\n\n\n\n<p>Wir sprechen \u00fcber den Text <q>Gemeinsam am Tisch des Herrn<\/q> und das Buch &#8222;Uns eint mehr, als uns trennt&#8220;. \u00a0<\/p>\n\n\n\n<h1 class=\"wp-block-heading\">\u00d6kumenische Bibelwoche 2021<\/h1>\n\n\n\n<figure class=\"wp-block-image\"><a href=\"https:\/\/www.ekihd.de\/im\/img\/5StHYI-LbSrXmS-LWn-dkev25SRDmSjX5SxLbSrgYSjpmMBcbKj25SRDmSjX5rvEbK3EYIhpmevi5S3ufKhR_8O35fBimSJDaIHd5d\/f,j\/c,x,0,y,0,w,3505,h,2260\/s,x,925,y,768\/zehn_aussaetzige.jpg\"><img decoding=\"async\" src=\"https:\/\/www.ekihd.de\/im\/img\/5StHYI-LbSrXmS-LWn-dkev25SRDmSjX5SxLbSrgYSjpmMBcbKj25SRDmSjX5rvEbK3EYIhpmevi5S3ufKhR_8O35fBimSJDaIHd5d\/f,j\/c,x,0,y,0,w,3505,h,2260\/s,x,250,y,260\/zehn_aussaetzige.jpg\" alt=\" Quelle: Knut Junker, www.bibelbild.de\" title=\" Quelle: Knut Junker, www.bibelbild.de\"\/><\/a><\/figure>\n\n\n\n<p>Quelle: Knut Junker, www.bibelbild.de<\/p>\n\n\n\n<p>Hier ein Link zu einem Nachbericht von Heiko Theissen: <strong><a rel=\"noreferrer noopener\" href=\"https:\/\/ekihd.de\/gemeinden\/melanchthongemeinde-rohrbach\/kirche-begleitet\/detail\/nachricht-seite\/id\/9203-oekumenische-bibelwoche-2021\/?default=true&amp;cataktuell=487\" target=\"_blank\">R\u00fcckblick Bibelwoche Lukas<\/a><\/strong><\/p>\n\n\n\n<p>Ansprechpartner: <strong>Frank Spiller<\/strong><br>Mitglied im \u00d6kumenekreis &amp; im Liturgiekreis<\/p>\n\n\n\n<p>Von ihm stammt auch der Bericht \u00fcber das <a href=\"http:\/\/www.ekihd.de\/html\/aktuell\/aktuell_u.html?m=16092&amp;artikel=13626&amp;archiv=1\">3. \u00d6kumenische Gemeindefest<\/a> am 9.7.2017<\/p>\n\n\n\n<p>E-Mail:&nbsp;<a>oekumene-ror[at]outlook[dot]de<\/a><\/p>\n","protected":false},"excerpt":{"rendered":"<p>So bunt ist unser Glaube! Unter diesem Motto stand das zweite \u00d6kumenische Gemeindefest in Rohrbach 2015. In diesem kleinen Bekenntnis kommt zum Ausdruck, was uns hier in Heidelberg-Rohrbach verbindet: Wir nehmen uns in unserer Verschiedenheit wahr. Jeder einzelne steht mit seinem pers\u00f6nlichen Glauben vor den Menschen und Gott. Doch im Austausch miteinander erfahren und erleben [&hellip;]<\/p>\n","protected":false},"author":1,"featured_media":0,"parent":0,"menu_order":0,"comment_status":"closed","ping_status":"closed","template":"","meta":{"footnotes":""},"class_list":["post-158","page","type-page","status-publish","hentry"],"_links":{"self":[{"href":"https:\/\/wp18.bonaweb.de\/index.php?rest_route=\/wp\/v2\/pages\/158","targetHints":{"allow":["GET"]}}],"collection":[{"href":"https:\/\/wp18.bonaweb.de\/index.php?rest_route=\/wp\/v2\/pages"}],"about":[{"href":"https:\/\/wp18.bonaweb.de\/index.php?rest_route=\/wp\/v2\/types\/page"}],"author":[{"embeddable":true,"href":"https:\/\/wp18.bonaweb.de\/index.php?rest_route=\/wp\/v2\/users\/1"}],"replies":[{"embeddable":true,"href":"https:\/\/wp18.bonaweb.de\/index.php?rest_route=%2Fwp%2Fv2%2Fcomments&post=158"}],"version-history":[{"count":3,"href":"https:\/\/wp18.bonaweb.de\/index.php?rest_route=\/wp\/v2\/pages\/158\/revisions"}],"predecessor-version":[{"id":163,"href":"https:\/\/wp18.bonaweb.de\/index.php?rest_route=\/wp\/v2\/pages\/158\/revisions\/163"}],"wp:attachment":[{"href":"https:\/\/wp18.bonaweb.de\/index.php?rest_route=%2Fwp%2Fv2%2Fmedia&parent=158"}],"curies":[{"name":"wp","href":"https:\/\/api.w.org\/{rel}","templated":true}]}}