{"id":23,"date":"2021-11-09T11:25:13","date_gmt":"2021-11-09T10:25:13","guid":{"rendered":"https:\/\/wp18.bonaweb.de\/?page_id=23"},"modified":"2021-11-09T11:25:13","modified_gmt":"2021-11-09T10:25:13","slug":"herzlich-willkommen","status":"publish","type":"page","link":"https:\/\/wp18.bonaweb.de\/","title":{"rendered":"Herzlich Willkommen!"},"content":{"rendered":"\n<p>Wir sind Lutherische Kirche in Heidelberg und Mannheim f\u00fcr die gesamte Rhein-Neckar-Region.<\/p>\n\n\n\n<p>Als Teil der Selbst\u00e4ndigen Evangelisch-Lutherischen Kirche sind wir evangelische Kirche, die das lutherische Bekenntnis lebt.<\/p>\n\n\n\n<p>Das sind f\u00fcr uns f\u00fcnf wesentliche Aussagen:<\/p>\n\n\n\n<ol class=\"wp-block-list\"><li>Wir wissen uns von Gott geliebt, obwohl wir so sind, wie wir sind; dieses Geschenk gilt allen Menschen.<\/li><li>Wir vertrauen auf Jesus Christus, Gottes Sohn: Er allein ist der Weg zum Leben.<\/li><li>Wir erleben die Gegenwart Christi im Wort und Abendmahl. Sie schafft eine besondere Gemeinschaft.<\/li><li>Wir verk\u00fcnden als m\u00fcndige Christen Christus, nicht politische Meinung.<\/li><li>Wir sind unabh\u00e4ngig von staatlicher Kirchensteuer, finanzieren uns nur \u00fcber freiwillige Beitr\u00e4ge.<\/li><\/ol>\n\n\n\n<h2 class=\"wp-block-heading\">Aktuelles<\/h2>\n\n\n\n<h3 class=\"wp-block-heading\"><small>50. Kirchweihjubil\u00e4um in Heidelberg<\/small><\/h3>\n\n\n\n<p>Das Wochenende 29.\/30.\/31. Oktober steht ganz im Zeichen des 50. Kirchweihjubil\u00e4ums.<\/p>\n\n\n\n<p>So soll es am Freitagabend um 19.00 Uhr eine &#8222;<strong>Kleine Orgelmusik<\/strong>&#8220; geben. Die der Umbau der Orgel noch nicht abgeschlossen ist und bis dahin auch nicht abgeschlossen sein wird, bleibt es allerdings spannend, was da genau passieren wird. M\u00f6glicherweise erwartet uns eine \u00dcberraschung.<\/p>\n\n\n\n<p>Am Samstag, 30.10., um 11.00 Uhr laden wir dann zum <strong>Empfang<\/strong>. Hier wird Gelegenheit f\u00fcr Gru\u00dfworte sein.<\/p>\n\n\n\n<p>Um 15.00 Uhr beginnt der festliche <strong>Gottesdienst mit Feier des Heiligen Abendmahls<\/strong>. Bischof Hans-J\u00f6rg Voigt wird bei uns sein und die Predigt halten. Wir wollen versuchen, den Gottesdienst zu streamen, hier der Link dazu: <strong><a href=\"https:\/\/youtu.be\/vX7UEP0ksDU\">Livestream<\/a><\/strong><\/p>\n\n\n\n<p>Am Sonntagnachmittag wird dann <strong>Arnim T\u00f6pel<\/strong> bei uns zu Gast sein mit einer <strong>Lesung<\/strong> aus seinem neuen Buch &#8222;Voll fagnoddlt &#8211; Woher wei\u00df ich, was ich glaube?&#8220;<\/p>\n\n\n\n<p>F\u00fcr alle Veranstaltungen wird um Anmeldung gebeten. F\u00fcr den Gottesdienst gilt nach derzeitigem Kenntnisstand die Abstands- und Maskenregel sowie die Sicherstellung der Kontaktnachverfolgung. F\u00fcr die anderen Veranstaltungen gilt die 3G-Regel.<\/p>\n","protected":false},"excerpt":{"rendered":"<p>Wir sind Lutherische Kirche in Heidelberg und Mannheim f\u00fcr die gesamte Rhein-Neckar-Region. Als Teil der Selbst\u00e4ndigen Evangelisch-Lutherischen Kirche sind wir evangelische Kirche, die das lutherische Bekenntnis lebt. Das sind f\u00fcr uns f\u00fcnf wesentliche Aussagen: Wir wissen uns von Gott geliebt, obwohl wir so sind, wie wir sind; dieses Geschenk gilt allen Menschen. Wir vertrauen auf [&hellip;]<\/p>\n","protected":false},"author":1,"featured_media":0,"parent":0,"menu_order":0,"comment_status":"closed","ping_status":"closed","template":"","meta":{"footnotes":""},"class_list":["post-23","page","type-page","status-publish","hentry"],"_links":{"self":[{"href":"https:\/\/wp18.bonaweb.de\/index.php?rest_route=\/wp\/v2\/pages\/23","targetHints":{"allow":["GET"]}}],"collection":[{"href":"https:\/\/wp18.bonaweb.de\/index.php?rest_route=\/wp\/v2\/pages"}],"about":[{"href":"https:\/\/wp18.bonaweb.de\/index.php?rest_route=\/wp\/v2\/types\/page"}],"author":[{"embeddable":true,"href":"https:\/\/wp18.bonaweb.de\/index.php?rest_route=\/wp\/v2\/users\/1"}],"replies":[{"embeddable":true,"href":"https:\/\/wp18.bonaweb.de\/index.php?rest_route=%2Fwp%2Fv2%2Fcomments&post=23"}],"version-history":[{"count":1,"href":"https:\/\/wp18.bonaweb.de\/index.php?rest_route=\/wp\/v2\/pages\/23\/revisions"}],"predecessor-version":[{"id":24,"href":"https:\/\/wp18.bonaweb.de\/index.php?rest_route=\/wp\/v2\/pages\/23\/revisions\/24"}],"wp:attachment":[{"href":"https:\/\/wp18.bonaweb.de\/index.php?rest_route=%2Fwp%2Fv2%2Fmedia&parent=23"}],"curies":[{"name":"wp","href":"https:\/\/api.w.org\/{rel}","templated":true}]}}