{"id":25,"date":"2021-11-09T11:20:51","date_gmt":"2021-11-09T10:20:51","guid":{"rendered":"https:\/\/wp18.bonaweb.de\/?page_id=25"},"modified":"2021-11-09T13:27:03","modified_gmt":"2021-11-09T12:27:03","slug":"ueber-uns-2","status":"publish","type":"page","link":"https:\/\/wp18.bonaweb.de\/?page_id=25","title":{"rendered":"\u00dcber uns"},"content":{"rendered":"\n<p>Wir sind bewusst Lutherische Kirche, \u00fcberzeugt, dass der Reformator die Botschaft Jesu Christi klar und verst\u00e4ndlich vermittelt hat.<\/p>\n\n\n\n<p>Unsere \u00dcberzeugung l\u00e4sst sich in f\u00fcnf Kernpunkten zusammenfassen:<\/p>\n\n\n\n<div class=\"wp-block-image\"><figure class=\"alignright\"><img decoding=\"async\" src=\"https:\/\/lutherisch-rhein-neckar.de\/media\/filer_public_thumbnails\/filer_public\/da\/e2\/dae2fd19-8f08-4a41-a584-50395f07f984\/ueber-uns-christus_200px.jpg__200x188_q85_crop_subsampling-2.jpg\" alt=\"Ueber-uns-Christus_200px.jpg\"\/><\/figure><\/div>\n\n\n\n<ol class=\"wp-block-list\"><li> Wir wissen uns von Gott geliebt, obwohl wir so sind, wie wir sind. Gott verlangt keine Leistung. Wir m\u00fcssen nichts Gutes tun, damit er uns annimmt. Er schenkt allen Menschen seine Liebe. Luther nennt das die \u201eunverdiente Gnade\u201c. Durch Gottes Liebe in uns werden wir f\u00e4hig, Gutes zu tun. Dabei ist Gottes Liebe unendlich: Egal wie oft wir scheitern, er bleibt uns treu.<\/li><\/ol>\n\n\n\n<ol class=\"wp-block-list\" start=\"2\"><li>Wir vertrauen auf Jesus Christus. Er ist Gottes Sohn, hat gelebt, hat f\u00fcr unsere Trennung von Gott mit seinem Leben bezahlt und ist vom Tod auferstanden: Das alles, damit wir leben k\u00f6nnen! Christus steht im Zentrum der Bibel. Er allein ist der Weg zum Leben \u2013 einem sinnvollen Leben in dieser Welt und einem ewigen Leben bei Gott.<br><br>&nbsp;<\/li><li>Wir erleben die Gegenwart Christi im Wort und Abendmahl in unseren Gottesdiensten. Dabei sch\u00e4tzen wir die von Luther geschaffene Form einer auf das Wesentliche konzentrierten Feier. Wir taufen Kinder und Erwachsene. Im gemeinsamen Beten, Singen, H\u00f6ren und durch die Sakramente entsteht eine besondere Gemeinschaft untereinander und mit Christus.<br><br><img decoding=\"async\" alt=\"Abendmahl_730x256.jpg\" src=\"https:\/\/lutherisch-rhein-neckar.de\/media\/filer_public_thumbnails\/filer_public\/0d\/c5\/0dc531a9-72b7-4de5-ac6a-66426227185f\/abendmahl_730x256.jpg__730x256_q85_crop_subsampling-2_upscale.jpg\"><br><br>&nbsp;<\/li><li>Wir verk\u00fcnden als m\u00fcndige Christen die Botschaft von Christus, nicht politische Meinung. Wie Luther akzeptieren wir nur die Bibel als Ma\u00dfstab unseres Glaubens. Jeder Christ hat das Recht sie zu lesen; im Gespr\u00e4ch unter Gleichen w\u00e4chst gemeinsames Verst\u00e4ndnis.<\/li><\/ol>\n\n\n\n<ol class=\"wp-block-list\" start=\"5\"><li>Wir sind wie Luther frei von menschlicher Autorit\u00e4t. Wir sind unabh\u00e4ngig von staatlicher Kirchensteuer und&nbsp; finanzieren uns nur \u00fcber freiwillige Beitr\u00e4ge. Wir sind unabh\u00e4ngig von der Landeskirche. Dabei engagieren wir uns in der Zusammenarbeit der Kirchen.<\/li><\/ol>\n\n\n\n<h2 class=\"wp-block-heading\">Vertiefende Informationen zu folgenden Themen:<\/h2>\n\n\n\n<ul class=\"wp-block-list\"><li><a href=\"https:\/\/wp18.bonaweb.de\/?page_id=76\" data-type=\"page\" data-id=\"76\">Leitbildentwicklung &#8211; aktueller Stand<\/a><\/li><li><a href=\"https:\/\/wp18.bonaweb.de\/?page_id=78\" data-type=\"page\" data-id=\"78\">Taufe<\/a><\/li><li><a href=\"https:\/\/wp18.bonaweb.de\/?page_id=82\" data-type=\"page\" data-id=\"82\">Konfirmation<\/a><\/li><li><a href=\"https:\/\/wp18.bonaweb.de\/?page_id=84\" data-type=\"page\" data-id=\"84\">Trauung und Ehe<\/a><\/li><li><a href=\"https:\/\/wp18.bonaweb.de\/?page_id=86\" data-type=\"page\" data-id=\"86\">Begr\u00e4bnis und Trauer<\/a><\/li><li><a href=\"https:\/\/wp18.bonaweb.de\/?page_id=88\" data-type=\"page\" data-id=\"88\">Wenn Sie jemanden brauchen<\/a><\/li><li><a href=\"https:\/\/wp18.bonaweb.de\/?page_id=90\" data-type=\"page\" data-id=\"90\">Gemeindeglied werden<\/a><\/li><\/ul>\n\n\n\n<p><\/p>\n","protected":false},"excerpt":{"rendered":"<p>Wir sind bewusst Lutherische Kirche, \u00fcberzeugt, dass der Reformator die Botschaft Jesu Christi klar und verst\u00e4ndlich vermittelt hat. Unsere \u00dcberzeugung l\u00e4sst sich in f\u00fcnf Kernpunkten zusammenfassen: Wir wissen uns von Gott geliebt, obwohl wir so sind, wie wir sind. Gott verlangt keine Leistung. Wir m\u00fcssen nichts Gutes tun, damit er uns annimmt. Er schenkt allen [&hellip;]<\/p>\n","protected":false},"author":1,"featured_media":0,"parent":0,"menu_order":0,"comment_status":"closed","ping_status":"closed","template":"","meta":{"footnotes":""},"class_list":["post-25","page","type-page","status-publish","hentry"],"_links":{"self":[{"href":"https:\/\/wp18.bonaweb.de\/index.php?rest_route=\/wp\/v2\/pages\/25","targetHints":{"allow":["GET"]}}],"collection":[{"href":"https:\/\/wp18.bonaweb.de\/index.php?rest_route=\/wp\/v2\/pages"}],"about":[{"href":"https:\/\/wp18.bonaweb.de\/index.php?rest_route=\/wp\/v2\/types\/page"}],"author":[{"embeddable":true,"href":"https:\/\/wp18.bonaweb.de\/index.php?rest_route=\/wp\/v2\/users\/1"}],"replies":[{"embeddable":true,"href":"https:\/\/wp18.bonaweb.de\/index.php?rest_route=%2Fwp%2Fv2%2Fcomments&post=25"}],"version-history":[{"count":10,"href":"https:\/\/wp18.bonaweb.de\/index.php?rest_route=\/wp\/v2\/pages\/25\/revisions"}],"predecessor-version":[{"id":148,"href":"https:\/\/wp18.bonaweb.de\/index.php?rest_route=\/wp\/v2\/pages\/25\/revisions\/148"}],"wp:attachment":[{"href":"https:\/\/wp18.bonaweb.de\/index.php?rest_route=%2Fwp%2Fv2%2Fmedia&parent=25"}],"curies":[{"name":"wp","href":"https:\/\/api.w.org\/{rel}","templated":true}]}}