{"id":34,"date":"2021-11-09T11:19:51","date_gmt":"2021-11-09T10:19:51","guid":{"rendered":"https:\/\/wp18.bonaweb.de\/?page_id=34"},"modified":"2021-11-09T13:14:04","modified_gmt":"2021-11-09T12:14:04","slug":"gruppen-und-kreise","status":"publish","type":"page","link":"https:\/\/wp18.bonaweb.de\/?page_id=34","title":{"rendered":"Gruppen und Kreise"},"content":{"rendered":"\n<h4 class=\"wp-block-heading\"><strong>Bibelkreis:<\/strong><\/h4>\n\n\n\n<p>Ein Kreis von 5-10 Teilnehmern, die sich ca. einmal im Monat<br>treffen, um gemeinsam Texte der Bibel zu lesen und sich dar\u00fcber<br>auszutauschen. Die Treffen finden in der Regel reihum bei den Teilnehmern statt. Sie sind immer offen f\u00fcr Interessierte.<br>Mitfahrgelegenheiten werden bei Bedarf organisiert.<\/p>\n\n\n\n<p>Kontakt: J\u00fcrgen Temp, Tel.: 0621 441308<\/p>\n\n\n\n<h4 class=\"wp-block-heading\"><strong>N\u00e4chster Termin:<\/strong><\/h4>\n\n\n\n<p>Mittwoch, 1.9., 20.00 Uhr &#8211; ob weiterhin online oder wieder als Pr\u00e4senztreffen, wird nach Beurteilung der Lage Ende August entschieden<\/p>\n\n\n\n<p>Teilnahme \u00fcber Videochat m\u00f6glich:<br>https:\/\/us02web.zoom.us\/j\/4265714051 &#8211; Meeting-ID: 426 571 4051<\/p>\n\n\n\n<p><strong>Thema: 2. Korintherbrief, ab Kap. 12<\/strong><\/p>\n\n\n\n<h4 class=\"wp-block-heading\"><strong>Frauenkreis:<\/strong><\/h4>\n\n\n\n<div class=\"wp-block-columns\"><\/div>\n\n\n\n<div class=\"wp-block-image\"><figure class=\"alignright\"><img decoding=\"async\" src=\"https:\/\/lutherisch-rhein-neckar.de\/media\/filer_public\/1a\/f0\/1af0abc4-338b-405d-b83b-db08e23bf1ff\/gruppen-kreise-200px.jpg\" alt=\"\"\/><\/figure><\/div>\n\n\n\n<p>Bei den Treffen (1x monatlich) gibt es Gelegenheit zu intensivem pers\u00f6nlichen Austausch bei Kaffee, Tee und Kuchen. Dabei besch\u00e4ftigen wir uns mit Themen von allgemeinem Interesse, informieren uns \u00fcber aktuelle Themen in der Gemeindearbeit oder besprechen und planen Gemeindeveranstaltungen<\/p>\n\n\n\n<p>I.d. Regel am 2. Dienstag im Monat in Mannheim, Gemeindesaal<br>St.Michael, 15.00 &#8211; 17.00 Uhr<\/p>\n\n\n\n<p>Zus\u00e4tzlich und nur nach Absprache am 4. Dienstag im Monat in St. Thomas, Heidelberg, 15.00 &#8211; 17.00 Uhr<\/p>\n\n\n\n<h4 class=\"wp-block-heading\"><strong>Junge Erwachsene:<\/strong><\/h4>\n\n\n\n<p>Der Kreis trifft sich nach Absprache, die \u00fcber WhatsApp erfolgt, i.d.R. im<br>Gemeindezimmer in der Friedrich-Ebert-Anlage 53 b in Heidelberg<\/p>\n\n\n\n<p>Immer donnerstags, 18.30 Uhr<br>Kontakt: Manuel Jakob<\/p>\n\n\n\n<h4 class=\"wp-block-heading\"><strong>Jugendkreis:<\/strong><\/h4>\n\n\n\n<p>Samstag, 18. September, 18.00 Uhr: Noch einmal Sommerferienfelling: Wir kochen Italienisch<\/p>\n\n\n\n<p>Samstag, 16. Oktober, 18.00 Uhr: Abendwanderung zur Thingst\u00e4tte<\/p>\n\n\n\n<p>Samstag, 20. November, 18.00 Uhr: Wir schreiben unser eigenes Krippenspiel<\/p>\n\n\n\n<p>Samstag, 18. Dezember, 18.00 Uhr: Jahresausklang mit Besuch des Weihnachtsmarktes (wenn es einen gibt )<br>&nbsp;&nbsp;&nbsp;&nbsp;&nbsp;&nbsp;&nbsp;&nbsp;&nbsp;&nbsp;&nbsp;&nbsp;&nbsp;&nbsp;&nbsp;&nbsp;&nbsp;&nbsp;&nbsp;&nbsp;&nbsp;&nbsp;&nbsp;&nbsp;&nbsp;&nbsp;&nbsp;&nbsp;&nbsp;&nbsp;&nbsp;&nbsp;&nbsp;&nbsp;&nbsp;&nbsp;&nbsp;&nbsp;&nbsp;&nbsp;&nbsp;&nbsp;&nbsp;&nbsp;&nbsp;&nbsp;&nbsp;&nbsp;&nbsp;&nbsp;&nbsp;&nbsp;&nbsp;&nbsp;&nbsp;&nbsp; &nbsp; &nbsp; &nbsp; &nbsp;&nbsp; Alternativ: Kerzengie\u00dfen\/ Kerzen ziehen<\/p>\n\n\n\n<p>Gemeindezimmer in der Friedrich-Ebert-Anlage 53 b in Heidelberg<br>Kontakt: Susanne J\u00e4ckle<\/p>\n\n\n\n<h4 class=\"wp-block-heading\"><strong>Arbeitsgruppe &#8222;Veranstaltungen&#8220;:<\/strong><\/h4>\n\n\n\n<h4 class=\"wp-block-heading\"><strong>Arbeitsgruppe &#8222;Willkommen&#8220;:<\/strong><\/h4>\n\n\n\n<p>Dienstag, 28.9.2021, 19.30 Uhr &#8211; Ort: voraussichtlich Gemeindezimmer, Friedrich-Ebert-Anlage 53 b, Heidelberg<\/p>\n\n\n\n<h4 class=\"wp-block-heading\"><br><strong>Netzwerk Rohrbach:<\/strong><\/h4>\n\n\n\n<p>Nach Absprache<\/p>\n\n\n\n<h4 class=\"wp-block-heading\"><br><strong>Gruppe &#8222;Fundraising Orgel&#8220;:<\/strong><\/h4>\n\n\n\n<p>Nach Absprache<\/p>\n\n\n\n<h4 class=\"wp-block-heading\"><br><strong>Gruppe &#8222;Musiktage&#8220;:<\/strong><\/h4>\n\n\n\n<p>Nach Absprache<\/p>\n\n\n\n<h4 class=\"wp-block-heading\"><br><strong>Bl\u00e4serkreis:<\/strong><\/h4>\n\n\n\n<p>Meist treffen sich die Bl\u00e4ser am Sonntag vor dem Gottesdienst in<br>St.Michael, Mannheim. Besondere Probentermine nach Absprache &#8211; Kontakt: Rainer M\u00fchlinghaus 07254 4113<\/p>\n\n\n\n<h4 class=\"wp-block-heading\"><strong>Bl\u00e4serschulung:<\/strong><\/h4>\n\n\n\n<p>F\u00fcr Nachwuchsbl\u00e4ser gibt es die M\u00f6glichkeit eines kostenlosen Unterrichts. Derzeit unterrichtet Pfr. i.R. Ekkehard Heicke i.d.Regel w\u00f6chentlich Jungbl\u00e4ser in Heidelberg &#8211; Kontakt bei Interesse: 06221 3378000<\/p>\n\n\n\n<h4 class=\"wp-block-heading\"><strong>Chor<\/strong>:<\/h4>\n\n\n\n<p>Die Zukunft der Chorarbeit wird derzeit ergebnisoffen diskutiert<\/p>\n\n\n\n<p>Kontakt: Rainer M\u00fchlinghaus 07254 4113<\/p>\n\n\n\n<h4 class=\"wp-block-heading\"><br><strong>Konfirmandenunterricht:<\/strong><\/h4>\n\n\n\n<p>Ein neuer Kurs hat im September 2019 begonnen, 14-t\u00e4glich samstags von 14.30 &#8211; 17.00 Uhr in St. Michael in Mannheim.<br>N\u00e4chster Termin: 9.1. &#8211; vorerst \u00fcber Zoom<\/p>\n\n\n\n<p>Kontakt: Pfr. Stefan F\u00f6rster, 06221 22186<\/p>\n\n\n\n<h4 class=\"wp-block-heading\"><strong>Kindergottesdienst:<\/strong><\/h4>\n\n\n\n<p>Derzeitt wird in Heidelberg Kindergottesdienst w\u00e4hrend des Gottesdienstes nur bei Bedarf angeboten.<br>Es gibt ein Team von derzeit drei Frauen, die dieses Angebot und etliche Angebote f\u00fcr Kinder dar\u00fcber hinaus erm\u00f6glichen.<\/p>\n","protected":false},"excerpt":{"rendered":"<p>Bibelkreis: Ein Kreis von 5-10 Teilnehmern, die sich ca. einmal im Monattreffen, um gemeinsam Texte der Bibel zu lesen und sich dar\u00fcberauszutauschen. Die Treffen finden in der Regel reihum bei den Teilnehmern statt. Sie sind immer offen f\u00fcr Interessierte.Mitfahrgelegenheiten werden bei Bedarf organisiert. Kontakt: J\u00fcrgen Temp, Tel.: 0621 441308 N\u00e4chster Termin: Mittwoch, 1.9., 20.00 Uhr [&hellip;]<\/p>\n","protected":false},"author":1,"featured_media":0,"parent":0,"menu_order":0,"comment_status":"closed","ping_status":"closed","template":"","meta":{"footnotes":""},"class_list":["post-34","page","type-page","status-publish","hentry"],"_links":{"self":[{"href":"https:\/\/wp18.bonaweb.de\/index.php?rest_route=\/wp\/v2\/pages\/34","targetHints":{"allow":["GET"]}}],"collection":[{"href":"https:\/\/wp18.bonaweb.de\/index.php?rest_route=\/wp\/v2\/pages"}],"about":[{"href":"https:\/\/wp18.bonaweb.de\/index.php?rest_route=\/wp\/v2\/types\/page"}],"author":[{"embeddable":true,"href":"https:\/\/wp18.bonaweb.de\/index.php?rest_route=\/wp\/v2\/users\/1"}],"replies":[{"embeddable":true,"href":"https:\/\/wp18.bonaweb.de\/index.php?rest_route=%2Fwp%2Fv2%2Fcomments&post=34"}],"version-history":[{"count":6,"href":"https:\/\/wp18.bonaweb.de\/index.php?rest_route=\/wp\/v2\/pages\/34\/revisions"}],"predecessor-version":[{"id":137,"href":"https:\/\/wp18.bonaweb.de\/index.php?rest_route=\/wp\/v2\/pages\/34\/revisions\/137"}],"wp:attachment":[{"href":"https:\/\/wp18.bonaweb.de\/index.php?rest_route=%2Fwp%2Fv2%2Fmedia&parent=34"}],"curies":[{"name":"wp","href":"https:\/\/api.w.org\/{rel}","templated":true}]}}