{"id":76,"date":"2021-11-09T11:26:41","date_gmt":"2021-11-09T10:26:41","guid":{"rendered":"https:\/\/wp18.bonaweb.de\/?page_id=76"},"modified":"2021-11-09T11:33:01","modified_gmt":"2021-11-09T10:33:01","slug":"leitbildentwicklung","status":"publish","type":"page","link":"https:\/\/wp18.bonaweb.de\/?page_id=76","title":{"rendered":"Leitbildentwicklung"},"content":{"rendered":"\n<p><strong>Perspektiventwicklung &#8222;Wege der Zukunft&#8220;: Wo wir heute stehen<\/strong><\/p>\n\n\n\n<p>In den Jahren 2016 und 2017 hat der Pfarrbezirk Heidelberg\/Mannheim der Selbst\u00e4ndigen Ev.-Luth. Kirche einen <strong>Perspektiventwicklungsprozess<\/strong> durchlaufen, der unterwegs den Titel \u201eWege der Zukunft\u201c bekommen hat. Angeregt worden war er durch die durchaus (selbst-)kritische Frage: Was k\u00f6nnen wir als kleine Gemeinden (uns) noch leisten?<\/p>\n\n\n\n<p>Herausgekommen ist ein <strong>doppelte Perspektive:<\/strong><\/p>\n\n\n\n<ol class=\"wp-block-list\"><li><strong>Nach au\u00dfen:<\/strong> Wir sind (die einzige) lutherische Kirche in der Metropolregion Rhein-Neckar und wollen so Heimat bieten f\u00fcr lutherische Christen in der Region. Voraussetzung daf\u00fcr ist, dass die Existenz unserer Gemeinden bekannt ist \u2013 bzw. bekannter wird. Das geschieht im Zeitalter des Internets nat\u00fcrlich im WorldWideWeb, &#8211; aber auch durch pers\u00f6nliche Begegnungen und Gespr\u00e4che.<br>Dazu sind Informationsmaterialien entwickelt worden, die als Informationsfaltblatt, Visitenkarten und digital auf unserer Homepage vorliegen.<\/li><li><strong>Nach innen: <\/strong>Es gilt, das Gemeindeleben insgesamt attraktiv zu gestalten, so dass m\u00f6glichst viele Glieder der Gemeinden sich mit ihrer Kirche identifizieren k\u00f6nnen und sie als geistliche Heimat erleben und lieben. Ein Begr\u00fc\u00dfungsdienst, ein Besuchsdienst, das Angebot von Mitfahrgelegenheiten, der Kirchenkaffee nach dem Gottesdienst sind Schritte auf dem Weg zu diesem Ziel.<\/li><\/ol>\n\n\n\n<p>Strategisch umgesetzt worden ist diese doppelte Perspektive durch diverse <strong>Arbeitsgruppen<\/strong>. So tagt regelm\u00e4\u00dfig die \u201e<strong>Willkommen<\/strong>\u201c-Gruppe, um Geburtstagsbesuche bzw. &#8211; anrufe, Fahrdienste und den monatlichen Kirchenkaffee zu organisieren.<\/p>\n\n\n\n<p>Eine andere Gruppe hat es sich zum Ziel gemacht, <strong>Veranstaltungen<\/strong> zu planen, die interessierten Besuchern ein Kennenlernen der Gemeinden erleichtern. Dabei folgen kirchenmusikalische Veranstaltungen und Angebote im Bereich Kinderarbeit ihrem eigenen Herzschlag.<br>Beim Neujahrsempfang der Stadt Mannheim sind erste Erfahrungen gesammelt worden, mithilfe der erarbeiteten Informationsmaterialien mit interessierten Besuchern ins Gespr\u00e4ch zu kommen..<\/p>\n\n\n\n<p>Die Corona-Pandemie hat viele unserer Planungen hinf\u00e4llig werden lassen. Es haben sich aber auch neue Arbeitsfelder er\u00f6ffnet: Live-Streaming von Gottesdiensten, Workshops im Videochat-Format etc.<\/p>\n\n\n\n<p>Ein &#8222;Rohrbach-Netzwerk&#8220; ist eine neue Entwicklung in der Heidelberger Gemeinde, und es hat sich ein Kreis von Musikbegeisterten gefunden, der nur darauf wartet, gemeinsam proben zu k\u00f6nnen.<\/p>\n","protected":false},"excerpt":{"rendered":"<p>Perspektiventwicklung &#8222;Wege der Zukunft&#8220;: Wo wir heute stehen In den Jahren 2016 und 2017 hat der Pfarrbezirk Heidelberg\/Mannheim der Selbst\u00e4ndigen Ev.-Luth. Kirche einen Perspektiventwicklungsprozess durchlaufen, der unterwegs den Titel \u201eWege der Zukunft\u201c bekommen hat. Angeregt worden war er durch die durchaus (selbst-)kritische Frage: Was k\u00f6nnen wir als kleine Gemeinden (uns) noch leisten? Herausgekommen ist ein [&hellip;]<\/p>\n","protected":false},"author":1,"featured_media":0,"parent":25,"menu_order":0,"comment_status":"closed","ping_status":"closed","template":"","meta":{"footnotes":""},"class_list":["post-76","page","type-page","status-publish","hentry"],"_links":{"self":[{"href":"https:\/\/wp18.bonaweb.de\/index.php?rest_route=\/wp\/v2\/pages\/76","targetHints":{"allow":["GET"]}}],"collection":[{"href":"https:\/\/wp18.bonaweb.de\/index.php?rest_route=\/wp\/v2\/pages"}],"about":[{"href":"https:\/\/wp18.bonaweb.de\/index.php?rest_route=\/wp\/v2\/types\/page"}],"author":[{"embeddable":true,"href":"https:\/\/wp18.bonaweb.de\/index.php?rest_route=\/wp\/v2\/users\/1"}],"replies":[{"embeddable":true,"href":"https:\/\/wp18.bonaweb.de\/index.php?rest_route=%2Fwp%2Fv2%2Fcomments&post=76"}],"version-history":[{"count":1,"href":"https:\/\/wp18.bonaweb.de\/index.php?rest_route=\/wp\/v2\/pages\/76\/revisions"}],"predecessor-version":[{"id":77,"href":"https:\/\/wp18.bonaweb.de\/index.php?rest_route=\/wp\/v2\/pages\/76\/revisions\/77"}],"up":[{"embeddable":true,"href":"https:\/\/wp18.bonaweb.de\/index.php?rest_route=\/wp\/v2\/pages\/25"}],"wp:attachment":[{"href":"https:\/\/wp18.bonaweb.de\/index.php?rest_route=%2Fwp%2Fv2%2Fmedia&parent=76"}],"curies":[{"name":"wp","href":"https:\/\/api.w.org\/{rel}","templated":true}]}}