{"id":78,"date":"2021-11-09T11:27:07","date_gmt":"2021-11-09T10:27:07","guid":{"rendered":"https:\/\/wp18.bonaweb.de\/?page_id=78"},"modified":"2021-11-09T11:32:53","modified_gmt":"2021-11-09T10:32:53","slug":"die-taufe","status":"publish","type":"page","link":"https:\/\/wp18.bonaweb.de\/?page_id=78","title":{"rendered":"Die Taufe"},"content":{"rendered":"\n<p>Sind Sie schon getauft &#8211; oder noch nicht? Nehmen Sie sich ein wenig Zeit, damit Sie entweder wieder neu entdecken, was f\u00fcr ein gro\u00dfes Geschenk Gott ihnen gegeben hat oder entdecken Sie, welche herrliche M\u00f6glichkeit Ihnen Gott anbietet.<\/p>\n\n\n\n<p><strong>A) Die Heilige Taufe &#8211; Was ist das?<\/strong><\/p>\n\n\n\n<p><strong>Auftrag!<\/strong><img decoding=\"async\" alt=\"Ueber-uns-Taufe_200px.jpg\" src=\"https:\/\/lutherisch-rhein-neckar.de\/media\/filer_public\/99\/7a\/997a347a-75fa-4e79-a28d-de011d974468\/ueber-uns-taufe_200px.jpg\"><\/p>\n\n\n\n<p>Jesus Christus hat der Kirche den Auftrag gegeben \u00fcberall hinzugehen, die V\u00f6lker zu lehren und zu taufen im Namen Gottes des Vaters, des Sohnes und des Heiligen Geistes (Matth\u00e4us 28,19+20). Somit hat Jesus Christus die Taufe eingesetzt. Die Taufe erfolgt mit Wasser auf den Namen des Dreieinigen Gottes.<\/p>\n\n\n\n<p><strong>Wer kann getauft werden?<\/strong><\/p>\n\n\n\n<p>Grunds\u00e4tzlich gilt das Angebot Gottes allen Menschen, den S\u00e4uglingen und den Erwachsenen, den Jungen und den Alten, den Ausl\u00e4ndern und den Einheimischen. Alle V\u00f6lker, alle Menschen, sollen durch die Heilige Taufe zu Gottes Kindern werden.<\/p>\n\n\n\n<p><strong>Wer handelt in der Taufe?<\/strong><\/p>\n\n\n\n<p>Durch den Pfarrer handelt der Dreieinige Gott an dem Menschen, der getauft werden soll (T\u00e4ufling). Ohne dass wir Menschen irgendeine Leistung erbringen, oder vorher ein pers\u00f6nliches Bekenntnis ablegen, wird der T\u00e4ufling mit Gottes Gnade beschenkt.<\/p>\n\n\n\n<p><strong>Warum taufen?<\/strong><\/p>\n\n\n\n<p>Wir Menschen, vom S\u00e4ugling bis zum Greis, stehen in einer unheilvollen Schicksalsgemeinschaft, aus der wir aus eigener Kraft nicht herauskommen. Die Bibel und in Folge dessen auch unsere lutherischen Bekenntnisschriften bezeichnen es als Auflehnung Gott gegen\u00fcber. Die Bibel erz\u00e4hlt dies schon auf den allerersten Seiten, in der Geschichte von Adam und Eva (1. Mose 3). Diese Geschichte endet damit, dass der Mensch (jeder Mensch) von Gott getrennt ist.<\/p>\n\n\n\n<p><strong>Was gibt\u2019s in der Taufe?<\/strong><\/p>\n\n\n\n<p>Das Neue Testament spricht an vielen Stellen von der Heiligen Taufe und beschreibt unterschiedliche Gesichtspunkte:<\/p>\n\n\n\n<p>a) Der T\u00e4ufling wird von neuem geboren (Titus 3,5)<\/p>\n\n\n\n<p>b) Der T\u00e4ufling bekommt das, was Christus am Kreuz f\u00fcr uns getan hat, geschenkt: Vers\u00f6hnung, Vergebung, N\u00e4he zu Gott (R\u00f6mer 6,3-11)<\/p>\n\n\n\n<p>c) Der T\u00e4ufling wird in die Gemeinde Jesu Christi eingegliedert (1. Korinther 12,13)<\/p>\n\n\n\n<p>d) Der T\u00e4ufling bekommt Christus angezogen (Galater 3,27)<\/p>\n\n\n\n<p>e) Die T\u00e4ufling erh\u00e4lt Vergebung der S\u00fcnden und die Gabe des Heiligen Geistes (Apg. 2,38)<\/p>\n\n\n\n<p><strong>Wie oft taufen?<\/strong><\/p>\n\n\n\n<p>Grunds\u00e4tzlich wird die Taufe nur einmal gespendet. Eine Wiedertaufe ist nicht m\u00f6glich.<\/p>\n\n\n\n<p><strong>Wann taufen?<\/strong><\/p>\n\n\n\n<p>S\u00e4uglinge sollen so fr\u00fch wie m\u00f6glich getauft werden, weil auch sie in der menschlichen Schicksalsgemeinschaft Gott gegen\u00fcber stehen (siehe: Warum taufen?).<\/p>\n\n\n\n<p><strong>B) Die Heilige Taufe &#8211; Wie geht\u2019s weiter?<\/strong><\/p>\n\n\n\n<p>Dieser Abschnitt m\u00f6chte Ihnen das weitere Vorgehen n\u00e4her bringen und erkl\u00e4ren. Er ist in zwei Abschnitte eingeteilt: Unter 1) finden Sie das, was bei der Taufe eines Kindes zu bedenken ist und unter 2) das, was Sie tun m\u00fcssen, wenn Sie als Erwachsener noch nicht getauft sind.<\/p>\n\n\n\n<p><strong>1) Taufe eines Kindes<\/strong><\/p>\n\n\n\n<p><strong>Taufgespr\u00e4ch<\/strong><\/p>\n\n\n\n<p>Zun\u00e4chst bitten Sie den Pfarrer der Gemeinde um ein Taufgespr\u00e4ch. Dort werden sowohl die grunds\u00e4tzlichen Inhalte der Taufe als auch der Ablauf im Gottesdienst besprochen. Ebenso k\u00f6nnen Sie dem Pfarrer mitteilen, welchen Taufspruch Sie f\u00fcr ihr Kind ausgesucht haben und Sie k\u00f6nnen gegebenenfalls auch christliche Liedw\u00fcnsche \u00e4u\u00dfern. An dem Taufgespr\u00e4ch sollen neben den Eltern des T\u00e4uflings m\u00f6glichst auch die Taufpaten anwesend sein.<\/p>\n\n\n\n<p><strong>Taufpaten<\/strong><\/p>\n\n\n\n<p>Paten sind geistliche V\u00e4ter oder M\u00fctter ihres Patenkindes, Wegbegleiter auf dem Weg des Glaubens. Stellvertretend f\u00fcr den unm\u00fcndigen S\u00e4ugling bekennen die Paten den christlichen Glauben und tragen eine Mitverantwortung f\u00fcr die Glaubensunterweisung.<\/p>\n\n\n\n<p><strong>Wer kann Taufpate werden?<\/strong><\/p>\n\n\n\n<p>Taufpate kann werden, wer getauft und konfirmiert ist, zu einer christlichen Kirche geh\u00f6rt, deren Taufpraxis anerkannt wird, und die Berechtigung zur \u00dcbernahme eines Patenamtes hat (Patenschein). Eltern sollen die Paten gewissenhaft aussuchen. Mindestens ein Pate sollte Glied der Selbst\u00e4ndigen Evangelisch-Lutherischen Kirche (SELK) sein.<\/p>\n\n\n\n<p><strong>2) Taufe eines Erwachsenen<\/strong><\/p>\n\n\n\n<p><strong>Ich bin noch nicht getauft<\/strong><\/p>\n\n\n\n<p>Wenn Sie noch nicht getauft sind, aber gerne getauft werden wollen, melden Sie sich bitte im Pfarramt.<\/p>\n\n\n\n<p><strong>Taufunterricht<\/strong><\/p>\n\n\n\n<p>Bevor Sie getauft werden k\u00f6nnen, ist ein kirchlicher Unterricht \u00fcber die wichtigen Dinge des christlichen Glaubens gefordert. Der Unterricht umfasst: Die 10 Gebote, Das Glaubensbekenntnis, das Vaterunser, die Heilige Beichte, die Heilige Taufe und das Heilige Abendmahl.<\/p>\n\n\n\n<p><strong>Die Taufe<\/strong><\/p>\n\n\n\n<p>Die Taufe wird in einem Gemeindegottesdienst vollzogen.<\/p>\n","protected":false},"excerpt":{"rendered":"<p>Sind Sie schon getauft &#8211; oder noch nicht? Nehmen Sie sich ein wenig Zeit, damit Sie entweder wieder neu entdecken, was f\u00fcr ein gro\u00dfes Geschenk Gott ihnen gegeben hat oder entdecken Sie, welche herrliche M\u00f6glichkeit Ihnen Gott anbietet. A) Die Heilige Taufe &#8211; Was ist das? Auftrag! Jesus Christus hat der Kirche den Auftrag gegeben [&hellip;]<\/p>\n","protected":false},"author":1,"featured_media":0,"parent":25,"menu_order":0,"comment_status":"closed","ping_status":"closed","template":"","meta":{"footnotes":""},"class_list":["post-78","page","type-page","status-publish","hentry"],"_links":{"self":[{"href":"https:\/\/wp18.bonaweb.de\/index.php?rest_route=\/wp\/v2\/pages\/78","targetHints":{"allow":["GET"]}}],"collection":[{"href":"https:\/\/wp18.bonaweb.de\/index.php?rest_route=\/wp\/v2\/pages"}],"about":[{"href":"https:\/\/wp18.bonaweb.de\/index.php?rest_route=\/wp\/v2\/types\/page"}],"author":[{"embeddable":true,"href":"https:\/\/wp18.bonaweb.de\/index.php?rest_route=\/wp\/v2\/users\/1"}],"replies":[{"embeddable":true,"href":"https:\/\/wp18.bonaweb.de\/index.php?rest_route=%2Fwp%2Fv2%2Fcomments&post=78"}],"version-history":[{"count":1,"href":"https:\/\/wp18.bonaweb.de\/index.php?rest_route=\/wp\/v2\/pages\/78\/revisions"}],"predecessor-version":[{"id":79,"href":"https:\/\/wp18.bonaweb.de\/index.php?rest_route=\/wp\/v2\/pages\/78\/revisions\/79"}],"up":[{"embeddable":true,"href":"https:\/\/wp18.bonaweb.de\/index.php?rest_route=\/wp\/v2\/pages\/25"}],"wp:attachment":[{"href":"https:\/\/wp18.bonaweb.de\/index.php?rest_route=%2Fwp%2Fv2%2Fmedia&parent=78"}],"curies":[{"name":"wp","href":"https:\/\/api.w.org\/{rel}","templated":true}]}}