{"id":82,"date":"2021-11-09T11:29:07","date_gmt":"2021-11-09T10:29:07","guid":{"rendered":"https:\/\/wp18.bonaweb.de\/?page_id=82"},"modified":"2021-11-09T11:32:24","modified_gmt":"2021-11-09T10:32:24","slug":"die-konfirmation","status":"publish","type":"page","link":"https:\/\/wp18.bonaweb.de\/?page_id=82","title":{"rendered":"Die Konfirmation"},"content":{"rendered":"\n<p><strong>Alles rund um die Konfirmation<\/strong><\/p>\n\n\n\n<p>Nun ist es soweit, dass Ihre Kinder den Konfirmandenunterricht besuchen m\u00f6chten. Aber was ist zu tun? Im Folgenden finden Sie einige Antworten auf immer wieder gestellte Fragen. Sehr gerne d\u00fcrfen Sie sich auch mit Pfarrer Stefan F\u00f6rster in Verbindung setzen. Pers\u00f6nlich k\u00f6nnen dann diese oder weitere Fragen im Gespr\u00e4ch gekl\u00e4rt werden.<\/p>\n\n\n\n<p><strong>Wie melde ich mein Kind zum Konfirmandenunterricht an?<\/strong><\/p>\n\n\n\n<p>Im Pfarramt erhalten Sie ein Anmeldeformular, das Ihnen mit der Post oder auch mit E-Mail auf Anfrage zugesandt wird. Dieses Formular schicken Sie bitte ausgef\u00fcllt und unterschrieben an das Pfarramt zur\u00fcck.<\/p>\n\n\n\n<p><strong>Wer darf am Unterricht teilnehmen?<\/strong><\/p>\n\n\n\n<p>Zum Konfirmandenunterricht kann sich jeder anmelden, der zwischen 10 und 12 Jahren ist. Entscheidend f\u00fcr die Zulassung zum Unterricht ist die Entwicklung Ihres Kindes. Eltern und Pastor treffen hier eine f\u00fcr beide Seiten einvernehmliche L\u00f6sung. Ziel ist es, den Unterrichtsbeginn f\u00fcr Ihre Kinder individuell und auf sie angepasst zu gestalten.<\/p>\n\n\n\n<p>Die Taufe ist keine Voraussetzung f\u00fcr den Unterricht. Diese kann im Laufe der Konfirmandenzeit gefeiert werden. Durch den Unterricht sollen die Kinder, die Getauften und die noch nicht Getauften, in die Welt des christlichen Glaubens hineinwachsen, auf ihre Fragen von der Bibel her Antworten erhalten und m\u00fcndige Christinnen und Christen werden.<\/p>\n\n\n\n<p><strong>Wann und wo findet der Unterricht statt?<\/strong><\/p>\n\n\n\n<p>Der Unterricht findet in der Regel in den R\u00e4umen der Gemeinde statt. Tag und Uhrzeit werden gemeinsam vom Pfarrer mit den Eltern festgelegt. Neben dem Rhythmus der Unterrichtseinheiten gibt es Konfirmandentage und Konfirmandenfreizeiten, an denen die Konfirmanden teilnehmen sollen.<\/p>\n\n\n\n<p><strong>Was erwarten wir?<\/strong><\/p>\n\n\n\n<p>Wir erwarten, dass die Kinder regelm\u00e4\u00dfig zum Unterricht kommen und sich abmelden, wenn sie verhindert sind. Zudem erwarten wir die regelm\u00e4\u00dfige Teilnahme an den Gottesdiensten der Gemeinde. Au\u00dferdem sollen die Eltern den Pfarrer bei seiner Aufgabe, die Kinder zu unterrichten, unterst\u00fctzen, indem sie ihre Kinder zum Lernen der Aufgaben ermuntern.<\/p>\n\n\n\n<p><strong>Was d\u00fcrfen Sie von uns erwarten?<\/strong><\/p>\n\n\n\n<p>Sie d\u00fcrfen von uns und dem Pfarrer erwarten, dass der Unterricht gut vorbereitet ist und Ihre Kinder nach den Richtlinien der Lutherischen Kirche unterrichtet werden. Das beinhaltet:<\/p>\n\n\n\n<p>1. Die Bibel (Altes und Neues Testament)<\/p>\n\n\n\n<p>&#8211; Kenntnisse der wichtigsten biblischen Geschichten<\/p>\n\n\n\n<p>&#8211; \u00dcberblick \u00fcber die biblischen B\u00fccher<\/p>\n\n\n\n<p>2. Kennenlernen des christlichen Glaubens anhand des Kleinen Katechismus Dr. M. Luthers<\/p>\n\n\n\n<p>&#8211; Die 10 Gebote<\/p>\n\n\n\n<p>&#8211; Das apostolische Glaubensbekenntnis<\/p>\n\n\n\n<p>&#8211; Das Vaterunser<\/p>\n\n\n\n<p>&#8211; Die Taufe<\/p>\n\n\n\n<p>&#8211; Das Abendmahl<\/p>\n\n\n\n<p>&#8211; Die Beichte<\/p>\n\n\n\n<p>3. Kenntnisse zum Evangelisch-Lutherischen Kirchengesangbuch (ELKG)<\/p>\n\n\n\n<p>&#8211; Aufbau<\/p>\n\n\n\n<p>&#8211; Lieder<\/p>\n\n\n\n<p>&#8211; Gottesdienstablauf<\/p>\n\n\n\n<p>Neben Bibelversen und einigen Gesangbuchliedern soll der Kleine Katechismus Dr. Martin Luthers am Ende des Unterrichts vertraut sein. Beim Lernstoff wird R\u00fccksicht auf die jeweilige Situation und Entwicklung des Kindes genommen.<\/p>\n\n\n\n<p><strong>Wie lange dauert ein Kurs?<\/strong><\/p>\n\n\n\n<p>Zur Zeit dauert ein Konfirmandenkurs 1 1\/2 Jahre, bei w\u00f6chentlichem Rhythmus. Am Ende erfolgt eine Konfirmandenpr\u00fcfung.<\/p>\n\n\n\n<p><strong>Wie teuer ist die Teilnahme am Kurs?<\/strong><\/p>\n\n\n\n<p>F\u00fcr den Unterricht m\u00fcssen Sie nichts bezahlen. Kosten, die f\u00fcr den Unterricht entstehen, sowie Konfirmandenfreizeiten sind selbst zu finanzieren. Zusch\u00fcsse seitens der Gemeinde sind nach Antrag m\u00f6glich.<\/p>\n\n\n\n<p><strong>Welches Unterrichtsmaterial wird ben\u00f6tigt?<\/strong><\/p>\n\n\n\n<p>&#8211; Ordner\/Ringbuch DIN A 4 f\u00fcr zweifach gelochtes Papier<\/p>\n\n\n\n<p>&#8211; Ein Hausaufgabenheft<\/p>\n\n\n\n<p>&#8211; Papier und Schreibzeug<\/p>\n\n\n\n<p>&#8211; Bibel (Lutherbibel 1984)<\/p>\n\n\n\n<p>&#8211; Evangelisch-Lutherisches Kirchengesangbuch, neuste Auflage<\/p>\n\n\n\n<p><strong>Der Konfirmationsgottesdienst!<\/strong><\/p>\n\n\n\n<p>Nach der Konfirmandenpr\u00fcfung wird an einem Sonntag ein festlicher Gottesdienst zur Konfirmation gefeiert. Das erste Mal werden die Jugendlichen am Heiligen Abendmahl teilnehmen, sofern sie nicht schon w\u00e4hrend der Konfirmandenzeit zugelassen wurden.<\/p>\n\n\n\n<p>Die Konfirmandinnen und Konfirmanden treten an den Altar.<\/p>\n\n\n\n<p>&#8211; Sie sagen vor Gott und der Gemeinde Ja zu ihrer Taufe<\/p>\n\n\n\n<p>&#8211; Die Gemeinde betet f\u00fcr die Konfirmanden und bittet um den Heiligen Geist<\/p>\n\n\n\n<p>&#8211; Der Pfarrer segnet jeden einzelnen, legt die H\u00e4nde auf und spricht den Segen Gottes zu.<\/p>\n\n\n\n<p>&#8211; Den Jugendlichen wird ein Bibelvers (Konfirmationsspruch) zugesprochen.<\/p>\n\n\n\n<p>Mit der Konfirmation d\u00fcrfen die Jugendlichen dann auch das Patenamt bei der Taufe \u00fcbernehmen.<\/p>\n\n\n\n<p><strong>Die Konfirmation \u2013 Schlussstrich oder Hilfe zum Leben?<\/strong><\/p>\n\n\n\n<p>Konfirmiert sein \u2013 hei\u00dft das Freiheit von der Kirche? Dies ist nat\u00fcrlich nicht so gewollt und w\u00e4re ein Zerrbild dessen, was die Konfirmation eigentlich will. Die Konfirmation ist mehr als ein Ritus, der den \u00dcbergang von der Kindheit ins Erwachsenenalter markiert. Die konfirmierten Jugendlichen sind eingeladen, weiter auf dem Weg des Glaubens in der Gemeinde Jesu Christi zu gehen. Hierf\u00fcr brauchen sie \u00fcber die Konfirmation hinaus die Begleitung durch ihre Eltern, Paten und der ganzen Gemeinde, zu der sie nun geh\u00f6ren.<\/p>\n\n\n\n<p><strong>Glauben leben<\/strong><\/p>\n\n\n\n<p>\u201eKonfirmation\u201c ist ein Fremdwort. Es kommt aus der lateinischen Sprache und hei\u00dft: befestigen, st\u00e4rken, best\u00e4tigen, beteuern. Dies soll im Unterricht geschehen und findet seine Best\u00e4tigung in der Konfirmation. Mit dem christlichen Glauben ist es so wie mit Kindern. Kinder werden geboren, sie lernen krabbeln, dann langsam laufen, brabbeln Unverst\u00e4ndliches vor sich hin, bis sich die ersten richtigen W\u00f6rter formen, ganze S\u00e4tze entstehen.<br>So ist es im christlichen Glauben. Wir m\u00fcssen den christlichen Glauben lernen, versuchen selber \u00fcber unseren Glauben zu reden und dann Schritte in Kirche und Gemeinde zu tun. Dies ist ein lebenslanger Prozess, zu dem auch der kirchliche Unterricht mit der Konfirmation beitr\u00e4gt. Um weitere Glaubensschritte zu tun, bietet die Gemeinde einen Jugendkreis, einen Bibeltreff und als H\u00f6hepunkt den Gottesdienst an. Lassen auch Sie sich neu einladen, Schritte in Gottes Welt zu tun.<\/p>\n\n\n\n<p><strong>Taufe und Konfirmation<\/strong><\/p>\n\n\n\n<p>In der Regel sind die Konfirmanden als S\u00e4uglinge oder kleine Kinder getauft worden. In der Konfirmation sollen die Jugendlichen nun selber ihren christlichen Glauben bekennen und Ja zu ihrer Taufe sagen. Das, was damals am Taufstein die Paten versprochen haben, sagen sie nun selber. Hierzu geh\u00f6rt auch das Versprechen sich treu zu den Gottesdiensten der Evangelisch-Lutherischen Kirche zu halten, weil ohne die christliche Gemeinschaft der lebendige Glaube erl\u00f6schen kann.<\/p>\n\n\n\n<p>Die Konfirmation ist nicht das Ende, sondern ein weiterer Schritt auf dem Weg durch dieses Leben hin zur ewigen Gemeinschaft mit Jesus Christus.<\/p>\n","protected":false},"excerpt":{"rendered":"<p>Alles rund um die Konfirmation Nun ist es soweit, dass Ihre Kinder den Konfirmandenunterricht besuchen m\u00f6chten. Aber was ist zu tun? Im Folgenden finden Sie einige Antworten auf immer wieder gestellte Fragen. Sehr gerne d\u00fcrfen Sie sich auch mit Pfarrer Stefan F\u00f6rster in Verbindung setzen. Pers\u00f6nlich k\u00f6nnen dann diese oder weitere Fragen im Gespr\u00e4ch gekl\u00e4rt [&hellip;]<\/p>\n","protected":false},"author":1,"featured_media":0,"parent":25,"menu_order":0,"comment_status":"closed","ping_status":"closed","template":"","meta":{"footnotes":""},"class_list":["post-82","page","type-page","status-publish","hentry"],"_links":{"self":[{"href":"https:\/\/wp18.bonaweb.de\/index.php?rest_route=\/wp\/v2\/pages\/82","targetHints":{"allow":["GET"]}}],"collection":[{"href":"https:\/\/wp18.bonaweb.de\/index.php?rest_route=\/wp\/v2\/pages"}],"about":[{"href":"https:\/\/wp18.bonaweb.de\/index.php?rest_route=\/wp\/v2\/types\/page"}],"author":[{"embeddable":true,"href":"https:\/\/wp18.bonaweb.de\/index.php?rest_route=\/wp\/v2\/users\/1"}],"replies":[{"embeddable":true,"href":"https:\/\/wp18.bonaweb.de\/index.php?rest_route=%2Fwp%2Fv2%2Fcomments&post=82"}],"version-history":[{"count":1,"href":"https:\/\/wp18.bonaweb.de\/index.php?rest_route=\/wp\/v2\/pages\/82\/revisions"}],"predecessor-version":[{"id":83,"href":"https:\/\/wp18.bonaweb.de\/index.php?rest_route=\/wp\/v2\/pages\/82\/revisions\/83"}],"up":[{"embeddable":true,"href":"https:\/\/wp18.bonaweb.de\/index.php?rest_route=\/wp\/v2\/pages\/25"}],"wp:attachment":[{"href":"https:\/\/wp18.bonaweb.de\/index.php?rest_route=%2Fwp%2Fv2%2Fmedia&parent=82"}],"curies":[{"name":"wp","href":"https:\/\/api.w.org\/{rel}","templated":true}]}}