{"id":84,"date":"2021-11-09T11:29:35","date_gmt":"2021-11-09T10:29:35","guid":{"rendered":"https:\/\/wp18.bonaweb.de\/?page_id=84"},"modified":"2021-11-09T11:32:49","modified_gmt":"2021-11-09T10:32:49","slug":"die-ehe","status":"publish","type":"page","link":"https:\/\/wp18.bonaweb.de\/?page_id=84","title":{"rendered":"Die Ehe"},"content":{"rendered":"\n<p><strong>Alles rund um die Trauung<\/strong><\/p>\n\n\n\n<p>Zun\u00e4chst einmal herzlichen Gl\u00fcckwunsch, dass Sie sich f\u00fcr diesen Schritt entschieden haben! Im Vorfeld der Hochzeit gibt es viel zu bedenken: Einladungen verschicken, eine \u00d6rtlichkeit f\u00fcr die Hochzeitsfeier finden, Termin der standesamtlichen Eheschlie\u00dfung und vieles mehr. Wir haben hier f\u00fcr Sie einige wichtige Informationen zusammengetragen, die Ihnen unter A erl\u00e4utern, worum es inhaltlich bei der kirchlichen Trauung geht, und unter B erkl\u00e4ren, welche konkreten Schritte Sie einleiten m\u00fcssen. Gerne stehen wir Ihnen auch pers\u00f6nlich mit Rat und Tat zur Seite. Wenden Sie sich doch bitte an das Pfarramt.<\/p>\n\n\n\n<p><strong>A) Die Ehe &#8211; Von Gott gewollt<\/strong><\/p>\n\n\n\n<p><strong>Was die Bibel sagt!<\/strong><\/p>\n\n\n\n<p>Schon gleich zu Beginn der Bibel finden sich zentrale Aussagen \u00fcber die Ehe, wie wir in 1. Mose 2,24 nachlesen k\u00f6nnen: \u201eDarum wird ein Mann seinen Vater und seine Mutter verlassen und seiner Frau anhangen, und sie werden sein ein Fleisch.\u201c Wichtig sind die W\u00f6rter: verlassen, anhangen, ein Fleisch sein. Mit der Ehe zwischen Mann und Frau beginnt etwas Neues. Sowohl der Mann als auch die Frau werden aus dem alten Familienverbund herausgel\u00f6st. Dies hei\u00dft nun nicht, dass die Eltern keine Rolle mehr im Leben spielen d\u00fcrfen. Dennoch m\u00fcssen Eltern und Kinder lernen loszulassen. Die Eltern m\u00fcssen dem jungen Paar Zeit geben sich zu finden, sp\u00e4testens dann deren Selbstst\u00e4ndigkeit bejahen und sie ihren gemeinsamen Weg in Verantwortung gehen lassen.<br>Dennoch werden sich wohl manche Paare freuen, wenn die Eltern sie weiter begleiten durch Gebet, Gespr\u00e4chsangebote und praktische Hilfe. Gleichzeitig werden Mann und Frau aneinander gewiesen: Sie sollen in allen Lebenssituationen aneinander h\u00e4ngen. Ein Ausdruck f\u00fcr diese tiefe Verbindung findet sich in der ehelichen Sexualit\u00e4t \u2013 sie werden ein Fleisch sein. Diese tiefste und engste Gemeinschaft soll ausschlie\u00dflich mit dem von Gott geschenkten Ehepartner erlebt werden. So ist die Ehe zwischen Mann und Frau angelegt.<br>Die Ehe zwischen Mann und Frau entspricht dem Willen Gottes und wird von ihm gesegnet. Wenn Sie eine Bibel zur Hand haben, lesen Sie die anderen Bibelstellen, die auch im Traugottesdienst verlesen werden (1. Mose 2,18, 1. Mose 27-28a, Matth\u00e4us 19,4-6, Epheser 5,21-30, Kolosser 3,12-17).<\/p>\n\n\n\n<p><strong>Die Ehe \u2013 Beziehung auf Dauer!<\/strong><\/p>\n\n\n\n<p>Mit der Ehe legen sich Mann und Frau fest ausschlie\u00dflich mit diesem Mann, ausschlie\u00dflich mit dieser Frau, die Abenteuer des Lebens gemeinsam meistern zu wollen. Dies ist kein Grund \u201ekalte F\u00fc\u00dfe zu kriegen.\u201c Ganz im Gegenteil! Denn dem verbindlichen und geordneten Miteinander von Mann und Frau in der Ehe hat Gott seinen Segen verhei\u00dfen. Im Traugottesdienst mit den Eltern, Verwandten, Freunden und der Gemeinde wird einerseits um Gottes Segen gebeten, andererseits dann aber auch dem Brautpaar unter Handauflegung durch den Pfarrer dieser Segen zugesprochen. Gott gibt seine Zusage, in guten und in schlechten Zeiten bei den Eheleuten zu sein, sie zu tragen, sie zu begleiten und sie zu sch\u00fctzen. Im Vertrauen darauf geben sich Mann und Frau das Versprechen, zusammenbleiben zu wollen, in Liebe f\u00fcreinander da zu sein und einander zu helfen.<\/p>\n\n\n\n<p><strong>Das Trauversprechen<\/strong><\/p>\n\n\n\n<p>Bei der standesamtlichen Eheschlie\u00dfung ist die Ehe rechtsg\u00fcltig geschlossen worden. Was ist nun das Besondere vor dem Traualtar? Eine Ehe wird zu einer christlichen Ehe durch die Verk\u00fcndigung von Gottes Wort in den Lesungen und in der Traupredigt, in der Bitte um Gottes Beistand und Begleitung und den Zuspruch seines Segens. Im festen Vertrauen auf Gottes Wort trauen sich die Braut und der Br\u00e4utigam zu sagen: \u201eJa, mit Gottes Hilfe.\u201c<\/p>\n\n\n\n<p><strong>Gemeinsam die christliche Ehe gestalten<\/strong><\/p>\n\n\n\n<p>Durch die kirchliche Trauung wird die Ehe zu einer christlichen. Dieser christliche Beginn des gemeinsamen Weges soll seinen Ausdruck auch im allt\u00e4glichen Leben der Eheleute finden. Neben gemeinsamen Gespr\u00e4chen, Treffen mit Freunden und Eltern, Ausfl\u00fcgen, die Berufst\u00e4tigkeit und anderen Dingen, die das gemeinsame Leben pr\u00e4gen werden, soll auch der christliche Glaube ein wesentlicher Bestandteil des Alltags sein. So k\u00f6nnen beide den Tag gemeinsam mit einem Bibelwort und einem Gebet beginnen und abends in gleicherweise den Tag beschlie\u00dfen. So nehmen sie sich nicht nur Zeit f\u00fcr Gott, sondern k\u00f6nnen im Anschluss daran auch miteinander ins Gespr\u00e4ch \u00fcber den Tag, die Sorgen und Freuden kommen. Zudem kann das Tischgebet vor und nach dem Essen ein weiteres Element sein, gemeinsam seine Ehe christlich zu gestalten. Wenn sie Hilfe oder Anregungen brauchen, wenden Sie sich bitte an Pfarrer Stefan F\u00f6rster.<\/p>\n\n\n\n<p><strong>B) Sich trauen lassen \u2013 die n\u00e4chsten Schritte<\/strong><\/p>\n\n\n\n<p><strong>K\u00f6nnen wir Tag und Uhrzeit der kirchlichen Trauung w\u00e4hlen?<\/strong><\/p>\n\n\n\n<p>Nach M\u00f6glichkeit bem\u00fchen wir uns, Ihnen Ihren Wunschtermin zu reservieren. Dazu sollten Sie sich bitte fr\u00fchzeitig mit unserem Pfarramt in Verbindung setzen. In den so genannten &#8222;geschlossenen Zeiten&#8220; (z.B. Passionszeit) und an einigen Festtagen sind keine Trauungen m\u00f6glich.<\/p>\n\n\n\n<p><strong>D\u00fcrfen wir w\u00e4hrend des Gottesdienstes fotografieren oder filmen?<\/strong><\/p>\n\n\n\n<p>Bitte sprechen Sie das Thema mit uns ab. Da das Fotografieren w\u00e4hrend des Gottesdienstes nicht erw\u00fcnscht ist, besteht die M\u00f6glichkeit, nach dem Gottesdienst noch Bilder zu machen. Wenn eine einzige Person das Filmen oder Fotografieren \u00fcbernimmt, die gew\u00e4hrleistet, unn\u00f6tige Unruhe zu vermeiden, kann eine Ausnahmegenehmigung erteilt werden. Im Mittelpunkt sollte stets der Gottesdienst und nicht das Fotografieren stehen.<\/p>\n\n\n\n<p><strong>Wie lange dauert eine kirchliche Trauung?<\/strong><\/p>\n\n\n\n<p>Das h\u00e4ngt von der Gestaltung des Gottesdienstes ab. Gew\u00f6hnlich dauert ein Traugottesdienst zwischen 30 und 45 Minuten.<\/p>\n\n\n\n<p><strong>Ist es m\u00f6glich, die Kirche besonders zu schm\u00fccken, und kostet das etwas?<\/strong><\/p>\n\n\n\n<p>In unserer Kirche ist ein normaler Altarschmuck vorhanden. Alles, was \u00fcber den bereits vorhandenen Blumenschmuck hinaus geht, m\u00fcssen Sie selbst bezahlen und auch selbst organisieren. Informationen dazu gibt das Pfarramt.<\/p>\n\n\n\n<p><strong>Wir sind beide nicht in der Kirche. K\u00f6nnen wir uns kirchlich trauen lassen?<\/strong><\/p>\n\n\n\n<p>Nein, das ist nicht m\u00f6glich. Wenn der Wunsch nach einer kirchlichen Trauung Grund ist, \u00fcber den Eintritt oder Wiedereintritt in die Kirche nachzudenken, nehmen wir uns gerne Zeit f\u00fcr Sie und versuchen eine L\u00f6sung zu finden.<\/p>\n\n\n\n<p><strong>Nur einer von uns ist in der Kirche. K\u00f6nnen wir uns kirchlich trauen lassen?<\/strong><\/p>\n\n\n\n<p>In der Regel setzt eine evangelische Trauung die Kirchenmitgliedschaft beider Ehepartner voraus. Geh\u00f6rt einer der Ehepartner der evangelischen, der andere Ehepartner einer anderen christlichen Kirche an, kann an der evangelischen Trauung auch ein Geistlicher der anderen Konfession beteiligt werden.<\/p>\n\n\n\n<p><strong>Kann man einen Gottesdienst anl\u00e4sslich einer Jubelhochzeit feiern?<\/strong><\/p>\n\n\n\n<p>Ja, es gibt kirchliche Formen, um ein solches Fest wie zum Beispiel eine silberne, goldene oder diamantene Hochzeit zu feiern. Das kann eine sch\u00f6ne und w\u00fcrdige M\u00f6glichkeit sein, an Ihre kirchliche Trauung zu erinnern. Bitte melden Sie sich in unserem B\u00fcro.<\/p>\n\n\n\n<p><strong>Gibt es eine \u00f6kumenische Trauung?<\/strong><\/p>\n\n\n\n<p>Eigentlich nicht, aber wenn ein Partner evangelisch, und der andere katholisch ist, kann entweder ein evangelischer Gottesdienst mit Beteiligung eines katholischen Priesters oder ein katholischer Gottesdienst mit Beteiligung eines evangelischen Pfarrers gefeiert werden. Umgangssprachlich wird dies &#8222;\u00f6kumenisch&#8220; genannt.<\/p>\n","protected":false},"excerpt":{"rendered":"<p>Alles rund um die Trauung Zun\u00e4chst einmal herzlichen Gl\u00fcckwunsch, dass Sie sich f\u00fcr diesen Schritt entschieden haben! Im Vorfeld der Hochzeit gibt es viel zu bedenken: Einladungen verschicken, eine \u00d6rtlichkeit f\u00fcr die Hochzeitsfeier finden, Termin der standesamtlichen Eheschlie\u00dfung und vieles mehr. Wir haben hier f\u00fcr Sie einige wichtige Informationen zusammengetragen, die Ihnen unter A erl\u00e4utern, [&hellip;]<\/p>\n","protected":false},"author":1,"featured_media":0,"parent":25,"menu_order":0,"comment_status":"closed","ping_status":"closed","template":"","meta":{"footnotes":""},"class_list":["post-84","page","type-page","status-publish","hentry"],"_links":{"self":[{"href":"https:\/\/wp18.bonaweb.de\/index.php?rest_route=\/wp\/v2\/pages\/84","targetHints":{"allow":["GET"]}}],"collection":[{"href":"https:\/\/wp18.bonaweb.de\/index.php?rest_route=\/wp\/v2\/pages"}],"about":[{"href":"https:\/\/wp18.bonaweb.de\/index.php?rest_route=\/wp\/v2\/types\/page"}],"author":[{"embeddable":true,"href":"https:\/\/wp18.bonaweb.de\/index.php?rest_route=\/wp\/v2\/users\/1"}],"replies":[{"embeddable":true,"href":"https:\/\/wp18.bonaweb.de\/index.php?rest_route=%2Fwp%2Fv2%2Fcomments&post=84"}],"version-history":[{"count":1,"href":"https:\/\/wp18.bonaweb.de\/index.php?rest_route=\/wp\/v2\/pages\/84\/revisions"}],"predecessor-version":[{"id":85,"href":"https:\/\/wp18.bonaweb.de\/index.php?rest_route=\/wp\/v2\/pages\/84\/revisions\/85"}],"up":[{"embeddable":true,"href":"https:\/\/wp18.bonaweb.de\/index.php?rest_route=\/wp\/v2\/pages\/25"}],"wp:attachment":[{"href":"https:\/\/wp18.bonaweb.de\/index.php?rest_route=%2Fwp%2Fv2%2Fmedia&parent=84"}],"curies":[{"name":"wp","href":"https:\/\/api.w.org\/{rel}","templated":true}]}}