{"id":86,"date":"2021-11-09T11:30:19","date_gmt":"2021-11-09T10:30:19","guid":{"rendered":"https:\/\/wp18.bonaweb.de\/?page_id=86"},"modified":"2021-11-09T11:33:05","modified_gmt":"2021-11-09T10:33:05","slug":"sterben-und-tod","status":"publish","type":"page","link":"https:\/\/wp18.bonaweb.de\/?page_id=86","title":{"rendered":"Sterben und Tod"},"content":{"rendered":"\n<p><strong>Das Begr\u00e4bnis<\/strong><\/p>\n\n\n\n<p><strong>Vom christlichen Umgang mit Sterben und Tod<\/strong><\/p>\n\n\n\n<p>Jesus Christus spricht: Ich lebe und ihr sollt auch leben. (Johannes 14,19).<\/p>\n\n\n\n<p>Diese herrliche Zusage Christi haben wir Christen. Das Leben auf dieser Erde mag jetzt zu Ende gehen\/sein, aber wir haben die Gewissheit, dass wir als Glaubende f\u00fcr immer mit Gott leben werden.<\/p>\n\n\n\n<p>Nun geht das Leben eines lieben Menschen zu Ende bzw. er ist schon verstorben. Jetzt stellen Sie sich vielleicht manche Fragen. Diese Seite versucht Fragen zu beantworten und m\u00f6chte Ihnen helfen mit der Trauer umgehen zu lernen.<\/p>\n\n\n\n<p><strong>Hier finden Sie folgende Rubriken:<\/strong><\/p>\n\n\n\n<p>A) Sterben und Tod \u2013 Was muss ich tun?<\/p>\n\n\n\n<p>B) Bibelverse und Lieder \u2013 Hier finden Sie eine Auswahl!<\/p>\n\n\n\n<p>C) Das Leben neu entdecken \u2013 Mit Trauer umgehen lernen!<\/p>\n\n\n\n<p>D) Leben und Tod aus biblischer und lutherischer Sicht!<\/p>\n\n\n\n<p><strong>A) Sterben und Tod \u2013 Was muss ich tun?<\/strong><\/p>\n\n\n\n<p><strong>Ein Mensch liegt im Sterben<\/strong><\/p>\n\n\n\n<p>Liegt ein Mensch im Sterben, k\u00f6nnen Sie gerne einen Pfarrer rufen. Ist der Sterbende noch ansprechbar, dann k\u00f6nnen Dinge des Lebens aufgearbeitet, Vergebung unter den Angeh\u00f6rigen und vor Gott empfangen werden, aber auch die Liebe untereinander ausgedr\u00fcckt werden. Der Pfarrer wird versuchen den Sterbenden und die Angeh\u00f6rigen zu begleiten. Dies ist macht er durch das Gebet, durch die Krankensalbung und nat\u00fcrlich durch die Feier des Abendmahls bei einem Kranken. Schon in der Alten Kirche wurde das Heilige Abendmahl als Heilmittel gegen den Tod bezeichnet, weil wir durch die Gaben Leib und Blut Christi Vergebung der S\u00fcnden, Leben und Seligkeit geschenkt bekommen. Sowohl der Sterbende als auch Sie als Angeh\u00f6rige d\u00fcrfen hieraus Trost f\u00fcr die Stunden des Abschieds empfangen und der Sterbende Kraft f\u00fcr den \u00dcbergang ins Leben der Auferstehung.<\/p>\n\n\n\n<p><strong>Ein Mensch ist verstorben<\/strong><\/p>\n\n\n\n<p>Ist ein Mensch zu Hause verstorben, verst\u00e4ndigen Sie bitte einen Arzt. Gerne d\u00fcrfen Sie einen Pfarrer rufen. Ebenso ist ein Bestattungsunternehmen zu beauftragen. Ist ein Angeh\u00f6riger im Krankenhaus verstorben, beauftragen Sie bitte ein Bestattungsinstitut. Bei Unfalltod, Suizid oder einer Straftat ist grunds\u00e4tzlich die Polizei zu informieren. Der Verstorbene ist beim Standesamt durch Vorlage der Sterbeurkunde (Ausstellung durch einen Arzt) abzumelden.<\/p>\n\n\n\n<p>Daneben sind noch andere Punkte zu bedenken, wie beispielsweise: Weitere Familienangeh\u00f6rige sind zu verst\u00e4ndigen &#8211; und das Testament des Verstorbenen ist zu ber\u00fccksichtigen. Zwischen Ihnen als Angeh\u00f6rigen, dem Beerdigungsunternehmen und dem Pfarrer ist dann einvernehmlich ein Termin f\u00fcr die Bestattung zu finden. Auch ist eventuell an Blumenschmuck f\u00fcr das Grab und den Sarg zu denken. Zahlreiche Punkte erledigt der beauftragte Bestatter f\u00fcr Sie.<\/p>\n\n\n\n<p><strong>Gibt es einen kirchlichen Abschied im Trauerhaus?<\/strong><\/p>\n\n\n\n<p>Ja. Hierbei handelt es sich um eine Aussegnungsandacht. Es ist ein kurzer Gottesdienst von vielleicht 10 Minuten.<br>Wenn gew\u00fcnscht, k\u00f6nnen auch christliche Lieder gesungen werden. Nach der Aussegnung wird der Verstorbene durch ein Beerdigungsinstitut abgeholt.<\/p>\n\n\n\n<p><strong>Der Trauerbesuch durch den Pfarrer<\/strong><\/p>\n\n\n\n<p>Vor dem Pfarrer m\u00fcssen Sie nicht um Fassung ringen. Sind Sie traurig, d\u00fcrfen Sie das zum Ausdruck bringen. Neben der Trauer, dient der Besuch des Pfarrers auch dazu, die Beerdigung vorzubereiten.<\/p>\n\n\n\n<p>Im Trauergespr\u00e4ch fragt der Pfarrer Sie nach dem Leben des Verstorbenen, nach besonderen Ereignissen und Stationen. Diese Fragen dienen zur Erstellung des Lebenslaufes, der vorgelesen werden kann, wenn Sie dies w\u00fcnschen.<\/p>\n\n\n\n<p>Dann ist es wichtig, einen Vers aus der Bibel auszuw\u00e4hlen, \u00fcber den die Traueransprache gehalten werden soll. Es eigenen sich hierf\u00fcr besonders Tauf,- Konfirmations- oder Trauspr\u00fcche (so genannte &#8222;lebensbegleitende Bibelworte&#8220;), oder aber Verse aus der Bibel, die dem Verstorbenen in seinem Leben Trost, Hoffnung und Kraft gegeben haben oder aber andere Worte der Heiligen Schrift.<\/p>\n\n\n\n<p>Weiter wird auch der Trauergottesdienst besprochen, Fragen nach christlichen Liedern gekl\u00e4rt oder nach der musikalischen Umrahmung durch Orgelbegleitung und\/oder Posaunenchor.<\/p>\n\n\n\n<p><strong>D\u00fcrfen W\u00fcrdigungen durch Vereine, Arbeitgeber oder andere erfolgen?<\/strong><\/p>\n\n\n\n<p>Ja, W\u00fcrdigungen sind nach dem Segen am offenen Grabe m\u00f6glich. Da es sich um einen Gottesdienst handelt, m\u00f6chten Wertsch\u00e4tzungen des Verstorbenen nicht vor Erteilung des Segens erfolgen.<\/p>\n\n\n\n<p><strong>Wie sollen wir mit dem Thema Beileidsbekundungen am Grabe umgehen?<\/strong><\/p>\n\n\n\n<p>Dies liegt in Ihrem Ermessen. Jeder wird Verst\u00e4ndnis haben, wenn Sie keine Beileidsbekundungen am Grabe w\u00fcnschen. Bedenken Sie hierbei aber, dass Freunde, Bekannte, Nachbarn die Trauer mit Ihnen teilen m\u00f6chten und Ihnen auf diesem Wege zeigen wollen, dass Sie nicht alleine sind. Beileidsbekundungen k\u00f6nnen ja sehr unterschiedlich sein. Eine Umarmung, ein stummer H\u00e4ndedruck, ein kurzer Vers aus der Bibel mit einem pers\u00f6nlichen Wort oder anderes. Es kann also f\u00fcr sie hilfreich und trostvoll sein, auf diese Weise die Anteilnahme zu erfahren.<\/p>\n\n\n\n<p><strong>Was ist nach der Bestattung zu tun?<\/strong><\/p>\n\n\n\n<p>In unseren Breiten werden oftmals Bekannte, Freunde und Verwandte zu einem kleinen Imbiss in eine Gastst\u00e4tte eingeladen. Sie m\u00fcssten also kl\u00e4ren, ob &#8211; und wenn ja, wo ein solches Essen stattfinden soll. Bei diesem Imbiss geht es nicht um eine Feier, sondern darum, dass Sie als Angeh\u00f6rige nach der Beerdigung nicht gleich alleine sind. Sie haben dort die M\u00f6glichkeit mit Freunden, Verwandten und Nachbarn sich auszutauschen \u00fcber das, was war, was jetzt ist und was sein wird.<\/p>\n\n\n\n<p><strong>B) Bibelverse und Lieder \u2013 Hier finden Sie eine Auswahl!<\/strong><\/p>\n\n\n\n<p><strong>1. Bibelverse<\/strong><\/p>\n\n\n\n<p>Herr, ich warte auf dein Heil! &#8211; 1. Mose 49,18<\/p>\n\n\n\n<p>Der Herr hat\u2019s gegeben, der Herr hat\u2019s genommen; der Name des Herrn sei gelobt! &#8211; Hiob 1,21<\/p>\n\n\n\n<p>Ich wei\u00df, dass mein Erl\u00f6ser lebt! &#8211; Hiob 19,25<\/p>\n\n\n\n<p>In deine H\u00e4nde befehle ich meinen Geist; du hast mich erl\u00f6st, Herr, du treuer Gott. &#8211; Psalm 31,6<\/p>\n\n\n\n<p>Befiehl dem Herrn deine Wege und hoffe auf ihn, er wird\u2019s wohl machen. &#8211; Psalm 37,5<\/p>\n\n\n\n<p>Gott legt uns eine Last auf, aber er hilft uns auch. Wie haben einen Gott, der da hilft, und den Herrn, der vom Tode errettet. &#8211; Psalm 68,20f<\/p>\n\n\n\n<p>Dennoch bleibe ich stets an dir; denn du h\u00e4ltst mich bei meiner rechten Hand. &#8211; Psalm 73,23<\/p>\n\n\n\n<p>Wie sich ein Vater \u00fcber Kinder erbarmt, so erbarmt sich der Herr \u00fcber die, die ihn f\u00fcrchten. &#8211; Psalm 103,13<\/p>\n\n\n\n<p>Also hat Gott die Welt geliebt, dass er seinen eingeborenen Sohn gab, damit alle, die an ihn glauben, nicht verloren werden, sondern das ewige Leben haben. &#8211; Johannes 3,16<\/p>\n\n\n\n<p>Jesus Christus sagt: Wahrlich, ich sage euch: Wer mein Wort h\u00e4lt, der wird den Tod nicht sehen in Ewigkeit. &#8211; Johannes 8,51<\/p>\n\n\n\n<p>Jesus Christus sagt: Meine Schafe h\u00f6ren meine Stimme, und ich kenne sie, und sie folgen mir; und ich gebe ihnen das ewige Leben, und sie werden nimmermehr umkommen, und niemand wird sie aus meiner Hand rei\u00dfen. &#8211; Johannes 10,27<\/p>\n\n\n\n<p>Jesus Christus sagt: Ich bin die Auferstehung und das Leben. Wer an mich glaubt, der wird leben, auch wenn er stirbt; und wer da lebt und glaubt an mich, der wird nimmermehr sterben. &#8211; Johannes 11,25f<\/p>\n\n\n\n<p>Jesus Christus sagt: Den Frieden lasse ich euch, meinen Frieden gebe ich euch. Nicht gebe ich euch, wie die Welt gibt. Euer Herz erschrecke nicht und f\u00fcrchte sich nicht. &#8211; Johannes 14,27<\/p>\n\n\n\n<p>Jesus Christus sagt: In der Welt habt ihr Angst; aber seid getrost, ich habe die Welt \u00fcberwunden. &#8211; Johannes 16,33<\/p>\n\n\n\n<p>O welch eine Tiefe des Reichtums, beides, der Weisheit und der Erkenntnis Gottes! Wie unbegreiflich sind seine Gerichte und unerforschlich seine Wege! Denn wer hat des Herrn Sinn erkannt, oder wer ist sein Ratgeber gewesen? &#8211; R\u00f6mer 11,33f<\/p>\n\n\n\n<p>Jesus Christus hat dem Tod die Macht genommen und das Leben und ein unverg\u00e4ngliches Wesen ans Licht gebracht durch das Evangelium. &#8211; 2. Timotheus 1,10<\/p>\n\n\n\n<p>Es ist noch eine Ruhe vorhanden f\u00fcr das Volk Gottes. Denn wer zu Gottes Ruhe gekommen ist, der ruht auch von seinen Werken so wie Gott von den seinen. &#8211; Hebr\u00e4er 4,9f<\/p>\n\n\n\n<p>Jesus Christus sagt: Siehe, ich komme bald und dmein Lohn mit mir, einen jeden zu geben, wie seine Werke sind. Ich bin das A und O, der Erste und der Letzte, der Anfang und das Ende. &#8211; Offenbarung 22,12f<\/p>\n\n\n\n<p><strong>2. Lieder aus dem Evangelisch-Lutherischen Kirchengesangbuch (ELKG)<\/strong><\/p>\n\n\n\n<p><strong>Lieder mit dem Thema Auferstehung &#8211; Osterlieder<\/strong><\/p>\n\n\n\n<p>Christ ist erstanden (ELKG 75)<\/p>\n\n\n\n<p>Christ lag in Todesbanden (ELKG 76)<\/p>\n\n\n\n<p>Jesus Christus, unser Heiland (ELKG 77)<\/p>\n\n\n\n<p>Auf, auf mein Herz mit Freuden (ELKG 86)<\/p>\n\n\n\n<p>O Tod, wo ist dein Stachel nun (ELKG 87)<\/p>\n\n\n\n<p>Wach auf, mein Herz (ELKG 88)<\/p>\n\n\n\n<p><strong>Lieder mit dem Thema Danken &#8211; Danklieder<\/strong><\/p>\n\n\n\n<p>Lobe den Herren, o meine Seele (ELKG 198)<\/p>\n\n\n\n<p>Lobet den Herren (ELKG 199)<\/p>\n\n\n\n<p>Lobe den Herrn, den m\u00e4chtigen K\u00f6nig (ELKG 234)<\/p>\n\n\n\n<p><strong>Lieder mit Thema Geborgenheit<\/strong><\/p>\n\n\n\n<p>Aus tiefer Not schrei ich zu dir (ELKG 195)<\/p>\n\n\n\n<p>Herzlich lieb hab ich dich, o Herr (ELKG 247)<\/p>\n\n\n\n<p>Ist Gott f\u00fcr mich, so trete gleich alles (ELKG 250)<\/p>\n\n\n\n<p>Meinen Jesus lass ich nicht (ELKG 251)<\/p>\n\n\n\n<p>Christi Blut und Gerechtigkeit (ELKG 273)<\/p>\n\n\n\n<p>Was mein Gott will, gescheh allzeit (ELKG 280)<\/p>\n\n\n\n<p>Von Gott will ich nicht lassen (ELKG 283)<\/p>\n\n\n\n<p>In dir ist Freude (ELKG 288)<\/p>\n\n\n\n<p>Befiehl du deine Wege (ELKG 294)<\/p>\n\n\n\n<p>Wer nur den lieben Gott l\u00e4sst walten (ELKG 298)<\/p>\n\n\n\n<p>Wie Gott mich f\u00fchrt, so will ich gehn (ELKG 302)<\/p>\n\n\n\n<p>Ich steh in meines Herren Hand (ELKG 306)<\/p>\n\n\n\n<p>Mitten wir im Leben sind (ELKG 309)<\/p>\n\n\n\n<p><strong>Lieder mit dem Thema Taufe &#8211; Tauflieder<\/strong><\/p>\n\n\n\n<p>Ich bin getauft auf deinen Namen (ELKG 152)<\/p>\n\n\n\n<p>Lasset mich voll Freuden sprechen: Ich bin ein getaufter Christ (ELKG 464)<\/p>\n\n\n\n<p>Ich bin getauft, ich steh im Bunde (ELKG 465)<\/p>\n\n\n\n<p><strong>C) Das Leben neu entdecken \u2013 Mit Trauer umgehen lernen!<\/strong><\/p>\n\n\n\n<p>Nach dem Verlust eines lieben Menschen ist es zun\u00e4chst nicht immer einfach, wieder zur\u00fcck ins Leben zu finden. So manches Mal kann einem Hinterbliebenen Trauer \u00fcberkommen, eine Leere bleibt zur\u00fcck und Einsamkeit kann dr\u00fccken. Trauern ist nicht leicht. Schon das Wort Trauerarbeit dr\u00fcckt das aus. Bis Sie wieder neu ins Leben zur\u00fcckfinden, kann es eine Zeit dauern. Nehmen Sie sich aber die Zeit, die Sie zur Trauer brauchen. Sie ben\u00f6tigen nicht nur die Zeit, um loszulassen, sondern auch Ihr Leben neu und ohne den geliebten Menschen zu gestalten. Dieses Zurechtfinden wird mal besser, mal schlechter gelingen. Lassen Sie ruhig Ihre Gef\u00fchle zu. So ist es gut, Zeit alleine zu haben, ebenso wichtig kann aber auch die Gemeinschaft mit Familienangeh\u00f6rigen, Freunden und Bekannten sein. Reden Sie \u00fcber Ihren Verlust, den Schmerz, usw.. Bedenken Sie hierbei, dass es unterschiedliche Weisen gibt, mit Trauer umzugehen. Finden Sie hier Ihren Weg und akzeptieren Sie den anderer.<\/p>\n\n\n\n<p>Auf dem Weg zur\u00fcck ins Leben geh\u00f6ren auch die Erledigungen des Alltagsgesch\u00e4ftes: Einkaufen, geregelt Essen und Trinken, Freunde besuchen, vielleicht eine Zeit aus der gewohnten Umgebung wegfahren, seiner Arbeit nachgehen.<\/p>\n\n\n\n<p>Nat\u00fcrlich geht es auch darum, Kontakt mit Gott zu halten. Dies kann einmal im Gebet und in der Bibellese zu Hause geschehen. In besonderer Weise begegnet Ihnen der Herr Christus im Besuch der Gottesdienste. Aber auch die Gemeindegruppen laden ein mitzumachen, den Kontakt mit anderen Gemeindegliedern zu suchen und zu pflegen. Termine k\u00f6nnen Sie unserer Homepage entnehmen.<\/p>\n\n\n\n<p><strong>D) Leben und Tod aus biblischer und lutherischer Sicht!<\/strong><\/p>\n\n\n\n<p><strong>Das Leben \u2013 ein kostbares Geschenk<\/strong><\/p>\n\n\n\n<p>Gemeinsam sind Sie mit einem lieben Menschen an Ihrer Seite durch dieses Leben gegangen als Ehepartner, Kind, Geschwister, Eltern, Gro\u00dfeltern, Freunde, Nachbarn, Arbeitskollegen\u2026 Gott hat das Leben geschenkt und hat viele gemeinsame Stunden erm\u00f6glicht. Hierf\u00fcr d\u00fcrfen wir unserem himmlischen Vater dankbar sein. Er h\u00e4lt das Leben eines jeden in seiner Hand. So wie Gott das Leben schenkt, bewahrt und erh\u00e4lt, liegt auch das Ende des Lebens in seiner Hand.<\/p>\n\n\n\n<p>Unser Leben ist bedroht. Martin Luther bringt es dichterisch auf den Punkt: Mitten wir im Leben sind mit dem Tod umfangen (Evangelisch-Lutherisches Kirchengesangbuch Nr. 309). Gerne setzen wir Menschen uns nicht mit dem Tod auseinander, weil er etwas Endg\u00fcltiges, Abschlie\u00dfendes und Unwiderbringliches an sich hat. Der Schrecken des Todes &#8211; egal, ob er durch Krieg, Terror oder Naturkatastrophen, durch Alter, Verkehrsunfall oder Krankheit nach dem Leben greift, macht uns Menschen Angst. Angesichts von Sterben und Tod zeigt sich, dass der Satz, der Tod geh\u00f6rt zum Leben dazu, falsch und hohl ist. Sterben und Tod sind widernat\u00fcrlich und lebensfeindlich.<\/p>\n\n\n\n<p><strong>Warum?<\/strong><\/p>\n\n\n\n<p>Die \u00e4u\u00dferen Umst\u00e4nde f\u00fcr den Tod sind f\u00fcr uns Menschen sichtbar. Bei Ungl\u00fccksf\u00e4llen beispielsweise k\u00f6nnen Sachverst\u00e4ndige sagen, was passiert ist. Aber das ist ja nur vordergr\u00fcndig unsere Frage. Warum? \u2013 Diese Frage geht tiefer.<\/p>\n\n\n\n<p>Um sich einer Antwort anzun\u00e4hern, lohnt ein Blick in die Bibel. Zun\u00e4chst war es nicht Gottes Plan, das Leben verg\u00e4nglich zu erschaffen (1. Mose 1+2). Erst die Trennung von Gott durch die Auflehnung des Menschen brachte den Tod ins Leben. So schreibt der Apostel Paulus: Denn der S\u00fcnde Sold ist der Tod; die Gabe Gottes aber ist das ewige Leben in Christus Jesus, unseren Herrn (R\u00f6mer 6,23). Damit der Tod nicht das letzte Wort \u00fcber das Leben hat, ist Gottes Sohn, Jesus Christus, am Kreuz f\u00fcr uns gestorben, damit wir aus diesem Verh\u00e4ngnis von Schuld und Tod herauskommen. Jesus Christus ist auferstanden und lebt \u2013 heute, jetzt, in diesem Augenblick. Der Tod ist darum besiegt. Er hat nur das vorletzte Wort, aber das letzte Wort hat der auferstandene Herr Christus. Er wird die, die in seinem Namen gestorben sind, auferwecken zum ewigen Leben. Diese Tatsache ist f\u00fcr uns Christen eine Hoffnung, f\u00fcr die Jesus mit seinem guten Namen eintritt. Es ist also keine Hoffnung ins Blaue hinein, sondern von Jesus Christus garantierte Realit\u00e4t. Diese Wirklichkeit wird in der Heiligen Taufe geschenkt. Durch die Taufe im Namen Gottes des Vaters und des Sohnes und des Heiligen Geistes mit Wasser verbindet sich der Dreieinige Gott mit dem T\u00e4ufling. Seitdem ist der Christ mit dem Dreieinigen Gott verbunden. Es ist wie ein g\u00f6ttlicher Stromkreis seiner Liebe, den nicht einmal der Tod unterbrechen kann. Der Apostel Paulus dr\u00fcckt es in R\u00f6mer 8,38-39 so aus:<\/p>\n\n\n\n<p>Denn ich bin gewiss, dass weder Tod noch Leben, weder Engel noch M\u00e4chte noch Gewalten, weder Gegenw\u00e4rtiges noch Zuk\u00fcnftiges, weder Hohes noch Tiefes noch eine andere Kreatur uns scheiden kann von der Liebe Gottes, die in Christus Jesus ist, unserm Herrn.<\/p>\n\n\n\n<p><strong>Wo sind die Toten?<\/strong><\/p>\n\n\n\n<p>Die in Christus Entschlafenen ruhen in Gottes Hand, sind bei ihm geborgen. Er wird sie am Ende der Tage auferwecken zum ewigen Leben und der sichtbaren Gemeinschaft mit Gott. F\u00fchren wir in diesem Leben unseren Alltag im Glauben an Christus, erwartet uns diese herrliche Zukunft. Wenn wir aber ein Leben ohne Gott und den christlichen Glauben f\u00fchren, respektiert Gott es hier in diesem Leben, aber auch im kommenden. Der Mensch ohne Gott wird sein k\u00fcnftiges Leben ohne seine Liebe f\u00fchren m\u00fcssen. Darum kann man dieses Leben dann auch als ewigen Tod im Gegensatz zum ewigen Leben bezeichnen. Die Konsequenzen eines Lebens ohne Gott wird der Mensch selber tragen. Am Ende der Zeiten wird es also eine Scheidung geben zwischen denen, die im Glauben an Christus gestorben sind und denen, die ihr Leben ohne Jesus Christus gef\u00fchrt haben. Die beiden M\u00f6glichkeiten, die wir schon in dieser Welt haben, setzen sich also fort. Allerdings mit dem wesentlichen Unterschied, dass wir in dieser Welt immer zu Gott kommen k\u00f6nnen, seine Vergebung und seine Liebe durch Jesus Christus erleben k\u00f6nnen. Im kommenden Leben ist dies nicht m\u00f6glich. Nach dem, was wir aus der Bibel wissen, ist die Trennung zwischen Gott und dem Menschen ohne den Glauben an Christus endg\u00fcltig. Darum l\u00e4dt Gott uns immer wieder neu ein, ein Leben mit ihm zu f\u00fchren, an Christus zu glauben, sich mit seinen Gaben Gottes Wort, Taufe, Beichte und Abendmahl beschenken zu lassen.<\/p>\n","protected":false},"excerpt":{"rendered":"<p>Das Begr\u00e4bnis Vom christlichen Umgang mit Sterben und Tod Jesus Christus spricht: Ich lebe und ihr sollt auch leben. (Johannes 14,19). Diese herrliche Zusage Christi haben wir Christen. Das Leben auf dieser Erde mag jetzt zu Ende gehen\/sein, aber wir haben die Gewissheit, dass wir als Glaubende f\u00fcr immer mit Gott leben werden. Nun geht [&hellip;]<\/p>\n","protected":false},"author":1,"featured_media":0,"parent":25,"menu_order":0,"comment_status":"closed","ping_status":"closed","template":"","meta":{"footnotes":""},"class_list":["post-86","page","type-page","status-publish","hentry"],"_links":{"self":[{"href":"https:\/\/wp18.bonaweb.de\/index.php?rest_route=\/wp\/v2\/pages\/86","targetHints":{"allow":["GET"]}}],"collection":[{"href":"https:\/\/wp18.bonaweb.de\/index.php?rest_route=\/wp\/v2\/pages"}],"about":[{"href":"https:\/\/wp18.bonaweb.de\/index.php?rest_route=\/wp\/v2\/types\/page"}],"author":[{"embeddable":true,"href":"https:\/\/wp18.bonaweb.de\/index.php?rest_route=\/wp\/v2\/users\/1"}],"replies":[{"embeddable":true,"href":"https:\/\/wp18.bonaweb.de\/index.php?rest_route=%2Fwp%2Fv2%2Fcomments&post=86"}],"version-history":[{"count":1,"href":"https:\/\/wp18.bonaweb.de\/index.php?rest_route=\/wp\/v2\/pages\/86\/revisions"}],"predecessor-version":[{"id":87,"href":"https:\/\/wp18.bonaweb.de\/index.php?rest_route=\/wp\/v2\/pages\/86\/revisions\/87"}],"up":[{"embeddable":true,"href":"https:\/\/wp18.bonaweb.de\/index.php?rest_route=\/wp\/v2\/pages\/25"}],"wp:attachment":[{"href":"https:\/\/wp18.bonaweb.de\/index.php?rest_route=%2Fwp%2Fv2%2Fmedia&parent=86"}],"curies":[{"name":"wp","href":"https:\/\/api.w.org\/{rel}","templated":true}]}}