{"id":90,"date":"2021-11-09T11:30:57","date_gmt":"2021-11-09T10:30:57","guid":{"rendered":"https:\/\/wp18.bonaweb.de\/?page_id=90"},"modified":"2021-11-09T11:32:57","modified_gmt":"2021-11-09T10:32:57","slug":"gemeindeglied-werden","status":"publish","type":"page","link":"https:\/\/wp18.bonaweb.de\/?page_id=90","title":{"rendered":"Gemeindeglied werden"},"content":{"rendered":"\n<p>Wenn Sie unsere Gemeinde pers\u00f6nlich kennen gelernt haben, werden Sie vielleicht den Wunsch haben, Mitglied unserer Gemeinde (&#8222;Gemeindeglied&#8220;) zu werden. Daher hier ein paar Worte zur Zugeh\u00f6rigkeit zur Gemeinde:<\/p>\n\n\n\n<p>Nach der Gemeindeordnung ist Glied der Gemeinde:<\/p>\n\n\n\n<ul class=\"wp-block-list\"><li>wer in der Gemeinde das Sakrament der Heiligen Taufe empf\u00e4ngt,<\/li><li>wer aus einer Gemeinde der SELK oder einer mit der SELK in Kirchengemeinschaft stehenden Gemeinde \u00fcberwiesen wird,<\/li><li>wer in die Gemeinde aufgenommen wird.<\/li><\/ul>\n\n\n\n<p>Wenn Sie getauft sind, kommt f\u00fcr Sie die <strong>Aufnahme <\/strong>in die Gemeinde in Betracht, sonst k\u00f6nnen Sie durch den Empfang der <strong>Taufe<\/strong> aufgenommen werden.<\/p>\n\n\n\n<p>Mit der ev. Landeskirche und anderen ACK-Mitgliedskirchen gibt es <strong>\u00dcbertrittsvereinbarungen<\/strong>, die einen einfachen Wechsel erm\u00f6glichen.<\/p>\n\n\n\n<p><strong>Wo kann ich eintreten?<\/strong><\/p>\n\n\n\n<p>Sie k\u00f6nnen in die Selbst\u00e4ndige Evangelisch-Lutherische Kirche unter anderem beim <a href=\"https:\/\/lutherisch-rhein-neckar.de\/de\/kontakt\/ev-luth-pfarramt\/\">Lutherischen Pfarramt in Heidelberg<\/a> eintreten. Bitte vereinbaren Sie dazu mit Pfarrer Stefan F\u00f6rster einen Termin.<\/p>\n\n\n\n<p><strong>Wie trete ich in die evangelisch-lutherische Kirche ein?<\/strong><\/p>\n\n\n\n<p>Wenn Sie getauft sind (gegebenenfalls auch konfirmiert oder gefirmt), bringen Sie bitte Ihre kirchlichen Unterlagen, wie Taufschein, Konfirmationsschein, Trauschein oder \u00e4hnliches zum Gespr\u00e4ch mit Pfarrer F\u00f6rster mit. Sie f\u00fcllen dann einen Aufnahmeantrag aus. Dann sind Sie Glied der Evangelisch-Lutherischen Kirchengemeinde und damit auch der Selbst\u00e4ndigen Evangelisch-Lutherischen Kirche.<\/p>\n\n\n\n<p>Wenn Sie als Erwachsener noch nicht getauft sind, erfolgt zun\u00e4chst ein Taufunterricht und dann die Taufe. Bitte lesen hierzu auch \u00fcber die <a href=\"https:\/\/wp18.bonaweb.de\/?page_id=78\" data-type=\"page\" data-id=\"78\">Taufe<\/a> hier auf unserer Homepage. Mit dem Empfang der Taufe sind Sie dann auch Glied der Gemeinde und der lutherischen Kirche.<\/p>\n\n\n\n<p><strong>Wie teuer ist die Mitgliedschaft in der Lutherischen Kirche?<\/strong><\/p>\n\n\n\n<p>Der Eintritt in die Selbst\u00e4ndige Evangelisch-Lutherische Kirche ist f\u00fcr Sie kostenlos. Da wir aber als Evangelisch-Lutherische Kirche und Gemeinde selbstst\u00e4ndig, also vom Staat unabh\u00e4ngig sind, ziehen wir keine Kirchensteuern ein, obwohl dies rechtlich m\u00f6glich ist. Wir erbitten aber von allen Kirchgliedern mit eigenem Einkommen (Lohn, Gehalt, Rente) ein Kirchgeld von 5-8% vom Nettoeinkommen. Da wir eine Spanne haben, sind Sie flexibel und k\u00f6nnen Ihr Kirchgeld ihrer jeweiligen Lebenssituation anpassen.<\/p>\n","protected":false},"excerpt":{"rendered":"<p>Wenn Sie unsere Gemeinde pers\u00f6nlich kennen gelernt haben, werden Sie vielleicht den Wunsch haben, Mitglied unserer Gemeinde (&#8222;Gemeindeglied&#8220;) zu werden. Daher hier ein paar Worte zur Zugeh\u00f6rigkeit zur Gemeinde: Nach der Gemeindeordnung ist Glied der Gemeinde: wer in der Gemeinde das Sakrament der Heiligen Taufe empf\u00e4ngt, wer aus einer Gemeinde der SELK oder einer mit [&hellip;]<\/p>\n","protected":false},"author":1,"featured_media":0,"parent":25,"menu_order":0,"comment_status":"closed","ping_status":"closed","template":"","meta":{"footnotes":""},"class_list":["post-90","page","type-page","status-publish","hentry"],"_links":{"self":[{"href":"https:\/\/wp18.bonaweb.de\/index.php?rest_route=\/wp\/v2\/pages\/90","targetHints":{"allow":["GET"]}}],"collection":[{"href":"https:\/\/wp18.bonaweb.de\/index.php?rest_route=\/wp\/v2\/pages"}],"about":[{"href":"https:\/\/wp18.bonaweb.de\/index.php?rest_route=\/wp\/v2\/types\/page"}],"author":[{"embeddable":true,"href":"https:\/\/wp18.bonaweb.de\/index.php?rest_route=\/wp\/v2\/users\/1"}],"replies":[{"embeddable":true,"href":"https:\/\/wp18.bonaweb.de\/index.php?rest_route=%2Fwp%2Fv2%2Fcomments&post=90"}],"version-history":[{"count":2,"href":"https:\/\/wp18.bonaweb.de\/index.php?rest_route=\/wp\/v2\/pages\/90\/revisions"}],"predecessor-version":[{"id":92,"href":"https:\/\/wp18.bonaweb.de\/index.php?rest_route=\/wp\/v2\/pages\/90\/revisions\/92"}],"up":[{"embeddable":true,"href":"https:\/\/wp18.bonaweb.de\/index.php?rest_route=\/wp\/v2\/pages\/25"}],"wp:attachment":[{"href":"https:\/\/wp18.bonaweb.de\/index.php?rest_route=%2Fwp%2Fv2%2Fmedia&parent=90"}],"curies":[{"name":"wp","href":"https:\/\/api.w.org\/{rel}","templated":true}]}}